{"id":1340,"date":"2020-05-13T12:35:33","date_gmt":"2020-05-13T10:35:33","guid":{"rendered":"https:\/\/camperclean.com\/?page_id=1340"},"modified":"2022-03-17T09:33:58","modified_gmt":"2022-03-17T08:33:58","slug":"ficha-de-producto","status":"publish","type":"page","link":"https:\/\/camperclean-entwicklung.entwurf.dev\/es\/para-campistas\/ficha-de-producto\/","title":{"rendered":"Ficha de producto"},"content":{"rendered":"<p><div class=\"fusion-fullwidth fullwidth-box fusion-builder-row-1 nonhundred-percent-fullwidth non-hundred-percent-height-scrolling\" style=\"background-color: rgba(255,255,255,0);background-position: center center;background-repeat: no-repeat;padding-top:8vh;padding-right:0px;padding-bottom:5vh;padding-left:0px;margin-bottom: 0px;margin-top: 0px;border-width: 0px 0px 0px 0px;border-color:#eae9e9;border-style:solid;\" ><div class=\"fusion-builder-row fusion-row\"><div class=\"fusion-layout-column fusion_builder_column fusion-builder-column-0 fusion_builder_column_2_5 2_5 fusion-two-fifth fusion-column-first\" style=\"width:40%;width:calc(40% - ( ( 4% ) * 0.4 ) );margin-right: 4%;margin-top:0px;margin-bottom:0px;\"><div class=\"fusion-column-wrapper fusion-flex-column-wrapper-legacy\" style=\"background-position:left top;background-repeat:no-repeat;-webkit-background-size:cover;-moz-background-size:cover;-o-background-size:cover;background-size:cover;background-color:#ffffff;border-width: 2px 2px 2px 2px;border-color:#ededed;border-style:solid;padding: 50px 30px 50px 30px;\"><style type=\"text\/css\"><\/style><div class=\"fusion-title title fusion-title-1 fusion-sep-none fusion-title-text fusion-title-size-three\" style=\"margin-top:0px;margin-right:0px;margin-bottom:20px;margin-left:0px;\"><h3 class=\"title-heading-left fusion-responsive-typography-calculated\" style=\"margin:0;--fontSize:30;line-height:1.5;\">Tiene usted preguntas?<\/h3><\/div><div class=\"fusion-text fusion-text-1\"><p>Si tiene m\u00e1s preguntas, no dude en contactarnos por tel\u00e9fono o utilice nuestro formulario de contacto. Tambi\u00e9n puede encontrar respuestas a las preguntas m\u00e1s frecuentes en nuestra secci\u00f3n de preguntas frecuentes.<\/p>\n<\/div><div class=\"fusion-sep-clear\"><\/div><div class=\"fusion-separator fusion-full-width-sep\" style=\"margin-left: auto;margin-right: auto;margin-top:20px;width:100%;\"><\/div><div class=\"fusion-sep-clear\"><\/div><div class=\"fusion-button-wrapper\"><style>.fusion-body .fusion-button.button-1{border-radius:2px 2px 2px 2px;}<\/style><a class=\"fusion-button button-flat fusion-button-default-size button-default button-1 fusion-button-default-span fusion-button-default-type\" target=\"_self\" href=\"https:\/\/camperclean-entwicklung.entwurf.dev\/fuer-camper\/faq\/\"><i class=\"fa-comments far button-icon-left\" aria-hidden=\"true\"><\/i><span class=\"fusion-button-text\">Preguntas &amp; Respuestas<\/span><\/a><\/div><div class=\"fusion-clearfix\"><\/div><\/div><\/div><div class=\"fusion-layout-column fusion_builder_column fusion-builder-column-1 fusion_builder_column_3_5 3_5 fusion-three-fifth fusion-column-last\" style=\"width:60%;width:calc(60% - ( ( 4% ) * 0.6 ) );margin-top:0px;margin-bottom:0px;\"><div class=\"fusion-column-wrapper fusion-flex-column-wrapper-legacy\" style=\"background-position:left top;background-repeat:no-repeat;-webkit-background-size:cover;-moz-background-size:cover;-o-background-size:cover;background-size:cover;padding: 50px 0px 0px 0px;\"><style type=\"text\/css\">@media only screen and (max-width:1024px) {.fusion-title.fusion-title-2{margin-top:30px!important;margin-bottom:0px!important;}}<\/style><div class=\"fusion-title title fusion-title-2 fusion-sep-none fusion-title-text fusion-title-size-two quote-small dachzeile\" style=\"margin-top:30px;margin-right:0px;margin-bottom:0px;margin-left:0px;\"><h2 class=\"title-heading-left fusion-responsive-typography-calculated\" style=\"margin:0;--fontSize:30;line-height:1.5;\">Ficha de producto<\/h2><\/div><style type=\"text\/css\"><\/style><div class=\"fusion-title title fusion-title-3 fusion-sep-none fusion-title-text fusion-title-size-one\" style=\"margin-top:0px;margin-right:0px;margin-bottom:20px;margin-left:0px;\"><h1 class=\"title-heading-left fusion-responsive-typography-calculated\" style=\"margin:0;--fontSize:40;line-height:1.4;\">Informaci\u00f3n importante de los productos de CamperClean<\/h1><\/div><div class=\"fusion-text fusion-text-2\"><p>Todos los productos y servicios de CamperClean se basan en la premisa de ser lo m\u00e1s ecol\u00f3gicos, econ\u00f3micamente eficientes y orientados al servicio como sea posible. A fin de documentar esto de manera real, t\u00e9cnicamente correcta y veraz, en este cap\u00edtulo se proporcionan las denominadas fichas de productos, que presentan todos los datos e informaci\u00f3n necesaria de manera transparente.<\/p>\n<\/div><div class=\"fusion-clearfix\"><\/div><\/div><\/div><\/div><\/div><div class=\"fusion-fullwidth fullwidth-box fusion-builder-row-2 nonhundred-percent-fullwidth non-hundred-percent-height-scrolling\" style=\"background-color: #ffffff;background-position: center center;background-repeat: no-repeat;padding-top:5vh;padding-right:0px;padding-bottom:8vh;padding-left:0px;margin-bottom: 0px;margin-top: 0px;border-width: 0px 0px 0px 0px;border-color:#eae9e9;border-style:solid;\" ><div class=\"fusion-builder-row fusion-row\"><div class=\"fusion-layout-column fusion_builder_column fusion-builder-column-2 fusion_builder_column_1_3 1_3 fusion-one-third fusion-column-first\" style=\"width:33.3333333333%;width:calc(33.3333333333% - ( ( 4% + 4% ) * 0.333333333333 ) );margin-right: 4%;margin-top:0px;margin-bottom:0px;\"><div class=\"fusion-column-wrapper fusion-flex-column-wrapper-legacy\" style=\"background-position:left top;background-repeat:no-repeat;-webkit-background-size:cover;-moz-background-size:cover;-o-background-size:cover;background-size:cover;background-color:#f6f6f6;border-width: 0 0 0 0;border-color:#ededed;border-style:solid;padding: 50px 30px 50px 30px;\"><style type=\"text\/css\"><\/style><div class=\"fusion-title title fusion-title-4 fusion-sep-none fusion-title-center fusion-title-text fusion-title-size-three\" style=\"margin-top:0px;margin-right:0px;margin-bottom:20px;margin-left:0px;\"><h3 class=\"title-heading-center fusion-responsive-typography-calculated\" style=\"margin:0;--fontSize:30;line-height:1.5;\">Anti ara\u00f1azos<\/h3><\/div><div class=\"fusion-aligncenter\"><style>.fusion-body .fusion-button.button-2{border-radius:2px 2px 2px 2px;}<\/style><a class=\"fusion-button button-flat fusion-button-default-size button-default button-2 fusion-button-default-span fusion-button-default-type\" target=\"_blank\" rel=\"noopener noreferrer\" href=\"https:\/\/camperclean-entwicklung.entwurf.dev\/wp-content\/uploads\/2022\/03\/CamperClean-AntiSchlier_GB.pdf\"><i class=\"fa-file-alt far button-icon-left\" aria-hidden=\"true\"><\/i><span class=\"fusion-button-text\">Hoja de datos<\/span><\/a><\/div><div class=\"fusion-clearfix\"><\/div><\/div><\/div><div class=\"fusion-layout-column fusion_builder_column fusion-builder-column-3 fusion_builder_column_1_3 1_3 fusion-one-third\" style=\"width:33.3333333333%;width:calc(33.3333333333% - ( ( 4% + 4% ) * 0.333333333333 ) );margin-right: 4%;margin-top:0px;margin-bottom:0px;\"><div class=\"fusion-column-wrapper fusion-flex-column-wrapper-legacy\" style=\"background-position:left top;background-repeat:no-repeat;-webkit-background-size:cover;-moz-background-size:cover;-o-background-size:cover;background-size:cover;background-color:#f6f6f6;border-width: 0 0 0 0;border-color:#ededed;border-style:solid;padding: 50px 30px 50px 30px;\"><style type=\"text\/css\"><\/style><div class=\"fusion-title title fusion-title-5 fusion-sep-none fusion-title-center fusion-title-text fusion-title-size-three\" style=\"margin-top:0px;margin-right:0px;margin-bottom:20px;margin-left:0px;\"><h3 class=\"title-heading-center fusion-responsive-typography-calculated\" style=\"margin:0;--fontSize:30;line-height:1.5;\">CamperClean MikroGreen<\/h3><\/div><div class=\"fusion-aligncenter\"><style>.fusion-body .fusion-button.button-3{border-radius:2px 2px 2px 2px;}<\/style><a class=\"fusion-button button-flat fusion-button-default-size button-default button-3 fusion-button-default-span fusion-button-default-type\" target=\"_blank\" rel=\"noopener noreferrer\" href=\"https:\/\/camperclean-entwicklung.entwurf.dev\/wp-content\/uploads\/2022\/03\/CamperClean-MikroGreen_GB.pdf\"><i class=\"fa-file-alt far button-icon-left\" aria-hidden=\"true\"><\/i><span class=\"fusion-button-text\">Hoja de datos<\/span><\/a><\/div><div class=\"fusion-clearfix\"><\/div><\/div><\/div><div class=\"fusion-layout-column fusion_builder_column fusion-builder-column-4 fusion_builder_column_1_3 1_3 fusion-one-third fusion-column-last\" style=\"width:33.3333333333%;width:calc(33.3333333333% - ( ( 4% + 4% ) * 0.333333333333 ) );margin-top:0px;margin-bottom:0px;\"><div class=\"fusion-column-wrapper fusion-flex-column-wrapper-legacy\" style=\"background-position:left top;background-repeat:no-repeat;-webkit-background-size:cover;-moz-background-size:cover;-o-background-size:cover;background-size:cover;background-color:#f6f6f6;border-width: 0 0 0 0;border-color:#ededed;border-style:solid;padding: 50px 30px 50px 30px;\"><style type=\"text\/css\"><\/style><div class=\"fusion-title title fusion-title-6 fusion-sep-none fusion-title-center fusion-title-text fusion-title-size-three\" style=\"margin-top:0px;margin-right:0px;margin-bottom:20px;margin-left:0px;\"><h3 class=\"title-heading-center fusion-responsive-typography-calculated\" style=\"margin:0;--fontSize:30;line-height:1.5;\">CampStar Champu<\/h3><\/div><div class=\"fusion-aligncenter\"><style>.fusion-body .fusion-button.button-4{border-radius:2px 2px 2px 2px;}<\/style><a class=\"fusion-button button-flat fusion-button-default-size button-default button-4 fusion-button-default-span fusion-button-default-type\" target=\"_blank\" rel=\"noopener noreferrer\" href=\"https:\/\/camperclean-entwicklung.entwurf.dev\/wp-content\/uploads\/2022\/03\/CamperClean-CampStar-Shampoo_GB.pdf\"><i class=\"fa-file-alt far button-icon-left\" aria-hidden=\"true\"><\/i><span class=\"fusion-button-text\">Hoja de datos<\/span><\/a><\/div><div class=\"fusion-clearfix\"><\/div><\/div><\/div><\/div><\/div><div class=\"fusion-fullwidth fullwidth-box fusion-builder-row-3 hundred-percent-fullwidth non-hundred-percent-height-scrolling\" style=\"background-color: rgba(255,255,255,0);background-position: center center;background-repeat: no-repeat;padding-top:0px;padding-right:0px;padding-bottom:0px;padding-left:0px;border-width: 0px 0px 0px 0px;border-color:#eae9e9;border-style:solid;\" ><div class=\"fusion-builder-row fusion-row\"><div class=\"fusion-layout-column fusion_builder_column fusion-builder-column-5 fusion_builder_column_1_1 1_1 fusion-one-full fusion-column-first fusion-column-last gradient-line\" style=\"margin-top:0px;margin-bottom:0px;\"><div class=\"fusion-column-wrapper fusion-flex-column-wrapper-legacy\" style=\"background-position:left top;background-repeat:no-repeat;-webkit-background-size:cover;-moz-background-size:cover;-o-background-size:cover;background-size:cover;padding: 2px 0px 2px 0px;\"><div class=\"fusion-clearfix\"><\/div><\/div><\/div><\/div><\/div><\/p>\n","protected":false},"excerpt":{"rendered":"","protected":false},"author":6,"featured_media":0,"parent":1287,"menu_order":0,"comment_status":"closed","ping_status":"closed","template":"100-width.php","meta":[],"tags":[],"yoast_head":"<!-- This site is optimized with the Yoast SEO plugin v19.13 - https:\/\/yoast.com\/wordpress\/plugins\/seo\/ -->\n<title>Ficha de producto &ndash; CamperClean<\/title>\n<meta name=\"robots\" content=\"index, follow, max-snippet:-1, max-image-preview:large, max-video-preview:-1\" \/>\n<link rel=\"canonical\" href=\"https:\/\/camperclean-entwicklung.entwurf.dev\/es\/para-campistas\/ficha-de-producto\/\" \/>\n<meta property=\"og:locale\" content=\"es_ES\" \/>\n<meta property=\"og:type\" content=\"article\" \/>\n<meta property=\"og:title\" content=\"Ficha de producto &ndash; CamperClean\" \/>\n<meta property=\"og:url\" content=\"https:\/\/camperclean-entwicklung.entwurf.dev\/es\/para-campistas\/ficha-de-producto\/\" \/>\n<meta property=\"og:site_name\" content=\"CamperClean\" \/>\n<meta property=\"article:publisher\" content=\"https:\/\/www.facebook.com\/Camperclean\/\" \/>\n<meta property=\"article:modified_time\" content=\"2022-03-17T08:33:58+00:00\" \/>\n<meta property=\"og:image\" content=\"https:\/\/camperclean-entwicklung.entwurf.dev\/wp-content\/uploads\/2019\/09\/camperclean_250x76.png\" \/>\n\t<meta property=\"og:image:width\" content=\"250\" \/>\n\t<meta property=\"og:image:height\" content=\"76\" \/>\n\t<meta property=\"og:image:type\" content=\"image\/png\" \/>\n<meta name=\"twitter:card\" content=\"summary_large_image\" \/>\n<meta name=\"twitter:label1\" content=\"Tiempo de lectura\" \/>\n\t<meta name=\"twitter:data1\" content=\"15 minutos\" \/>\n<script type=\"application\/ld+json\" class=\"yoast-schema-graph\">{\"@context\":\"https:\/\/schema.org\",\"@graph\":[{\"@type\":\"WebPage\",\"@id\":\"https:\/\/camperclean-entwicklung.entwurf.dev\/es\/para-campistas\/ficha-de-producto\/\",\"url\":\"https:\/\/camperclean-entwicklung.entwurf.dev\/es\/para-campistas\/ficha-de-producto\/\",\"name\":\"Ficha de producto &ndash; CamperClean\",\"isPartOf\":{\"@id\":\"https:\/\/camperclean-entwicklung.entwurf.dev\/en\/#website\"},\"datePublished\":\"2020-05-13T10:35:33+00:00\",\"dateModified\":\"2022-03-17T08:33:58+00:00\",\"breadcrumb\":{\"@id\":\"https:\/\/camperclean-entwicklung.entwurf.dev\/es\/para-campistas\/ficha-de-producto\/#breadcrumb\"},\"inLanguage\":\"es\",\"potentialAction\":[{\"@type\":\"ReadAction\",\"target\":[\"https:\/\/camperclean-entwicklung.entwurf.dev\/es\/para-campistas\/ficha-de-producto\/\"]}]},{\"@type\":\"BreadcrumbList\",\"@id\":\"https:\/\/camperclean-entwicklung.entwurf.dev\/es\/para-campistas\/ficha-de-producto\/#breadcrumb\",\"itemListElement\":[{\"@type\":\"ListItem\",\"position\":1,\"name\":\"Home\",\"item\":\"https:\/\/camperclean-entwicklung.entwurf.dev\/es\/\"},{\"@type\":\"ListItem\",\"position\":2,\"name\":\"Para Campistas\",\"item\":\"https:\/\/camperclean-entwicklung.entwurf.dev\/es\/para-campistas\/\"},{\"@type\":\"ListItem\",\"position\":3,\"name\":\"Ficha de producto\"}]},{\"@type\":\"WebSite\",\"@id\":\"https:\/\/camperclean-entwicklung.entwurf.dev\/en\/#website\",\"url\":\"https:\/\/camperclean-entwicklung.entwurf.dev\/en\/\",\"name\":\"CamperClean\",\"description\":\"pure and simple\",\"publisher\":{\"@id\":\"https:\/\/camperclean-entwicklung.entwurf.dev\/en\/#organization\"},\"potentialAction\":[{\"@type\":\"SearchAction\",\"target\":{\"@type\":\"EntryPoint\",\"urlTemplate\":\"https:\/\/camperclean-entwicklung.entwurf.dev\/en\/?s={search_term_string}\"},\"query-input\":\"required name=search_term_string\"}],\"inLanguage\":\"es\"},{\"@type\":\"Organization\",\"@id\":\"https:\/\/camperclean-entwicklung.entwurf.dev\/en\/#organization\",\"name\":\"CamperClean GmbH\",\"url\":\"https:\/\/camperclean-entwicklung.entwurf.dev\/en\/\",\"logo\":{\"@type\":\"ImageObject\",\"inLanguage\":\"es\",\"@id\":\"https:\/\/camperclean-entwicklung.entwurf.dev\/en\/#\/schema\/logo\/image\/\",\"url\":\"https:\/\/camperclean-entwicklung.entwurf.dev\/wp-content\/uploads\/2019\/09\/camperclean_250x76.png\",\"contentUrl\":\"https:\/\/camperclean-entwicklung.entwurf.dev\/wp-content\/uploads\/2019\/09\/camperclean_250x76.png\",\"width\":250,\"height\":76,\"caption\":\"CamperClean GmbH\"},\"image\":{\"@id\":\"https:\/\/camperclean-entwicklung.entwurf.dev\/en\/#\/schema\/logo\/image\/\"},\"sameAs\":[\"https:\/\/www.linkedin.com\/company\/camperclean-gmbh\",\"https:\/\/www.youtube.com\/channel\/UCrDyBIaggPbV7Y79lJC9HpA\",\"https:\/\/www.facebook.com\/Camperclean\/\"]}]}<\/script>\n<!-- \/ Yoast SEO plugin. -->","yoast_head_json":{"title":"Ficha de producto &ndash; CamperClean","robots":{"index":"index","follow":"follow","max-snippet":"max-snippet:-1","max-image-preview":"max-image-preview:large","max-video-preview":"max-video-preview:-1"},"canonical":"https:\/\/camperclean-entwicklung.entwurf.dev\/es\/para-campistas\/ficha-de-producto\/","og_locale":"es_ES","og_type":"article","og_title":"Ficha de producto &ndash; CamperClean","og_url":"https:\/\/camperclean-entwicklung.entwurf.dev\/es\/para-campistas\/ficha-de-producto\/","og_site_name":"CamperClean","article_publisher":"https:\/\/www.facebook.com\/Camperclean\/","article_modified_time":"2022-03-17T08:33:58+00:00","og_image":[{"width":250,"height":76,"url":"https:\/\/camperclean-entwicklung.entwurf.dev\/wp-content\/uploads\/2019\/09\/camperclean_250x76.png","type":"image\/png"}],"twitter_card":"summary_large_image","twitter_misc":{"Tiempo de lectura":"15 minutos"},"schema":{"@context":"https:\/\/schema.org","@graph":[{"@type":"WebPage","@id":"https:\/\/camperclean-entwicklung.entwurf.dev\/es\/para-campistas\/ficha-de-producto\/","url":"https:\/\/camperclean-entwicklung.entwurf.dev\/es\/para-campistas\/ficha-de-producto\/","name":"Ficha de producto &ndash; CamperClean","isPartOf":{"@id":"https:\/\/camperclean-entwicklung.entwurf.dev\/en\/#website"},"datePublished":"2020-05-13T10:35:33+00:00","dateModified":"2022-03-17T08:33:58+00:00","breadcrumb":{"@id":"https:\/\/camperclean-entwicklung.entwurf.dev\/es\/para-campistas\/ficha-de-producto\/#breadcrumb"},"inLanguage":"es","potentialAction":[{"@type":"ReadAction","target":["https:\/\/camperclean-entwicklung.entwurf.dev\/es\/para-campistas\/ficha-de-producto\/"]}]},{"@type":"BreadcrumbList","@id":"https:\/\/camperclean-entwicklung.entwurf.dev\/es\/para-campistas\/ficha-de-producto\/#breadcrumb","itemListElement":[{"@type":"ListItem","position":1,"name":"Home","item":"https:\/\/camperclean-entwicklung.entwurf.dev\/es\/"},{"@type":"ListItem","position":2,"name":"Para Campistas","item":"https:\/\/camperclean-entwicklung.entwurf.dev\/es\/para-campistas\/"},{"@type":"ListItem","position":3,"name":"Ficha de producto"}]},{"@type":"WebSite","@id":"https:\/\/camperclean-entwicklung.entwurf.dev\/en\/#website","url":"https:\/\/camperclean-entwicklung.entwurf.dev\/en\/","name":"CamperClean","description":"pure and simple","publisher":{"@id":"https:\/\/camperclean-entwicklung.entwurf.dev\/en\/#organization"},"potentialAction":[{"@type":"SearchAction","target":{"@type":"EntryPoint","urlTemplate":"https:\/\/camperclean-entwicklung.entwurf.dev\/en\/?s={search_term_string}"},"query-input":"required name=search_term_string"}],"inLanguage":"es"},{"@type":"Organization","@id":"https:\/\/camperclean-entwicklung.entwurf.dev\/en\/#organization","name":"CamperClean GmbH","url":"https:\/\/camperclean-entwicklung.entwurf.dev\/en\/","logo":{"@type":"ImageObject","inLanguage":"es","@id":"https:\/\/camperclean-entwicklung.entwurf.dev\/en\/#\/schema\/logo\/image\/","url":"https:\/\/camperclean-entwicklung.entwurf.dev\/wp-content\/uploads\/2019\/09\/camperclean_250x76.png","contentUrl":"https:\/\/camperclean-entwicklung.entwurf.dev\/wp-content\/uploads\/2019\/09\/camperclean_250x76.png","width":250,"height":76,"caption":"CamperClean GmbH"},"image":{"@id":"https:\/\/camperclean-entwicklung.entwurf.dev\/en\/#\/schema\/logo\/image\/"},"sameAs":["https:\/\/www.linkedin.com\/company\/camperclean-gmbh","https:\/\/www.youtube.com\/channel\/UCrDyBIaggPbV7Y79lJC9HpA","https:\/\/www.facebook.com\/Camperclean\/"]}]}},"_links":{"self":[{"href":"https:\/\/camperclean-entwicklung.entwurf.dev\/es\/wp-json\/wp\/v2\/pages\/1340"}],"collection":[{"href":"https:\/\/camperclean-entwicklung.entwurf.dev\/es\/wp-json\/wp\/v2\/pages"}],"about":[{"href":"https:\/\/camperclean-entwicklung.entwurf.dev\/es\/wp-json\/wp\/v2\/types\/page"}],"author":[{"embeddable":true,"href":"https:\/\/camperclean-entwicklung.entwurf.dev\/es\/wp-json\/wp\/v2\/users\/6"}],"replies":[{"embeddable":true,"href":"https:\/\/camperclean-entwicklung.entwurf.dev\/es\/wp-json\/wp\/v2\/comments?post=1340"}],"version-history":[{"count":5,"href":"https:\/\/camperclean-entwicklung.entwurf.dev\/es\/wp-json\/wp\/v2\/pages\/1340\/revisions"}],"predecessor-version":[{"id":3918,"href":"https:\/\/camperclean-entwicklung.entwurf.dev\/es\/wp-json\/wp\/v2\/pages\/1340\/revisions\/3918"}],"up":[{"embeddable":true,"href":"https:\/\/camperclean-entwicklung.entwurf.dev\/es\/wp-json\/wp\/v2\/pages\/1287"}],"wp:attachment":[{"href":"https:\/\/camperclean-entwicklung.entwurf.dev\/es\/wp-json\/wp\/v2\/media?parent=1340"}],"wp:term":[{"taxonomy":"post_tag","embeddable":true,"href":"https:\/\/camperclean-entwicklung.entwurf.dev\/es\/wp-json\/wp\/v2\/tags?post=1340"}],"curies":[{"name":"wp","href":"https:\/\/api.w.org\/{rel}","templated":true}]}}