{"id":1471,"date":"2020-05-25T10:11:22","date_gmt":"2020-05-25T08:11:22","guid":{"rendered":"https:\/\/camperclean.com\/?page_id=1471"},"modified":"2020-05-25T10:11:22","modified_gmt":"2020-05-25T08:11:22","slug":"datos","status":"publish","type":"page","link":"https:\/\/camperclean-entwicklung.entwurf.dev\/es\/datos\/","title":{"rendered":"Datos"},"content":{"rendered":"<div class=\"fusion-fullwidth fullwidth-box fusion-builder-row-1 nonhundred-percent-fullwidth non-hundred-percent-height-scrolling\" style=\"background-color: rgba(255,255,255,0);background-position: center center;background-repeat: no-repeat;padding-top:0px;padding-right:0px;padding-bottom:0px;padding-left:0px;margin-bottom: 0px;margin-top: 0px;border-width: 0px 0px 0px 0px;border-color:#eae9e9;border-style:solid;\" ><div class=\"fusion-builder-row fusion-row\"><div class=\"fusion-layout-column fusion_builder_column fusion-builder-column-0 fusion_builder_column_1_1 1_1 fusion-one-full fusion-column-first fusion-column-last\" style=\"margin-top:0px;margin-bottom:0px;\"><div class=\"fusion-column-wrapper fusion-flex-column-wrapper-legacy\" style=\"background-position:left top;background-repeat:no-repeat;-webkit-background-size:cover;-moz-background-size:cover;-o-background-size:cover;background-size:cover;padding: 50px 0px 0px 0px;\"><style type=\"text\/css\"><\/style><div class=\"fusion-title title fusion-title-1 fusion-sep-none fusion-title-text fusion-title-size-one\" style=\"margin-top:0px;margin-right:0px;margin-bottom:20px;margin-left:0px;\"><h1 class=\"title-heading-left fusion-responsive-typography-calculated\" style=\"margin:0;--fontSize:40;line-height:1.4;\">Datos<\/h1><\/div><div class=\"fusion-text fusion-text-1\"><p>Informaci\u00f3n seg\u00fan el \u00a7 5 TMG<\/p>\n<p><strong>CamperClean Tebartz und Butterweck GbR<\/strong><br \/>\nAm Halswick 16<br \/>\n46514 Schermbeck<\/p>\n<p><b>Kontakt:\u00a0<\/b><br \/>\nTel.: +49 (0) 2853 4538<br \/>\nFax: +49 (0) 2853 955402<br \/>\nE-Mail: <a href=\"mailto:info@camperclean-entwicklung.entwurf.dev\">info@camperclean-entwicklung.entwurf.dev<\/a><\/p>\n<p><strong>Vertretungsberechtigte Gesellschafter:\u00a0<\/strong><br \/>\nRalf und Peter Tebartz, Mark Butterweck<\/p>\n<p><strong>Umsatzsteuer-ID:\u00a0<\/strong><br \/>\nUmsatzsteuer-Identifikationsnummer gem\u00e4\u00df \u00a727a Umsatzsteuergesetz: DE 815410846<\/p>\n<p><strong>Fotocredits:<\/strong><br \/>\n\u00a9 iStockphoto LP<\/p>\n<hr \/>\n<h3 data-fontsize=\"26\" data-lineheight=\"33\">Reclamaciones<\/h3>\n<p>Desde el 15. Para febrero de 2016, la Comisi\u00f3n de la Uni\u00f3n Europea proporcionar\u00e1 una plataforma para la resoluci\u00f3n extrajudicial de controversias. Esto da a los consumidores la oportunidad de resolver las controversias en relaci\u00f3n con la oferta en l\u00ednea, inicialmente sin la participaci\u00f3n de un tribunal. Se puede acceder a la plataforma de soluci\u00f3n de controversias a trav\u00e9s del enlace externo https:\/\/ec. europa. eu\/consumers\/odr\/;. En este contexto, estamos legalmente obligados a remitirle a nuestra direcci\u00f3n de correo electr\u00f3nico. Esto es info@camperclean. de. Nos esforzaremos por resolver amistosamente cualquier diferencia de opini\u00f3n que surja de nuestro contrato. Adem\u00e1s, no estamos obligados a participar en un procedimiento de conciliaci\u00f3n y, lamentablemente, no podemos ofrecerle la oportunidad de participar en tal procedimiento.<\/p>\n<hr \/>\n<h2 data-fontsize=\"46\" data-lineheight=\"57\">Descargo de responsabilidad:<\/h2>\n<p><strong>Responsabilidad por el contenido<\/strong><br \/>\nLos contenidos de nuestras p\u00e1ginas fueron creados con el mayor esmero. Sin embargo, no podemos asumir ninguna responsabilidad por la exactitud, integridad y actualidad de los contenidos. Como proveedor de servicios, somos responsables de nuestros propios contenidos en estas p\u00e1ginas de acuerdo con el \u00a7 7 p\u00e1rrafo 1 TMG (Ley alemana de telemedios) y las leyes generales. De acuerdo con los art\u00edculos 8 a 10 de la TMG, no estamos obligados, como proveedores de servicios, a supervisar la informaci\u00f3n externa transmitida o almacenada ni a investigar las circunstancias que indiquen una actividad ilegal. Las obligaciones de eliminar o bloquear el uso de la informaci\u00f3n de acuerdo con las leyes generales no se ven afectadas. Sin embargo, la responsabilidad a este respecto s\u00f3lo es posible a partir del momento en que se tiene conocimiento de una infracci\u00f3n concreta. Si nos damos cuenta de alguna de estas infracciones, eliminaremos estos contenidos inmediatamente.<\/p>\n<p><strong>Responsabilidad sobre enlaces<\/strong><br \/>\nNuestra oferta contiene enlaces a p\u00e1ginas web externas de terceros, sobre cuyos contenidos no tenemos ninguna influencia. Por lo tanto, no podemos asumir ninguna responsabilidad por estos contenidos externos. El respectivo proveedor u operador de los sitios es siempre responsable de los contenidos de los sitios enlazados. Las p\u00e1ginas enlazadas fueron revisadas para detectar posibles violaciones legales en el momento de la vinculaci\u00f3n. Los contenidos ilegales no eran reconocibles en el momento de la vinculaci\u00f3n. No es razonable un control permanente del contenido de las p\u00e1ginas enlazadas sin pruebas concretas de una violaci\u00f3n de la ley. Si nos enteramos de alguna infracci\u00f3n, eliminaremos esos enlaces inmediatamente.<\/p>\n<p><strong>La ley de derechos de autor.<\/strong><br \/>\nEl contenido y los trabajos en estas p\u00e1ginas creados por el operador del dominio est\u00e1n sujetos a la ley de derechos de autor alemana. La duplicaci\u00f3n, edici\u00f3n, distribuci\u00f3n y cualquier tipo de uso fuera de los l\u00edmites de la ley de derechos de autor requieren el consentimiento por escrito del autor o creador respectivo. Las descargas y copias de esta p\u00e1gina solo est\u00e1n permitidas para uso privado y no comercial. Siempre que el contenido de esta p\u00e1gina no haya sido creado por el operador, se respetan los derechos de autor de terceros. En particular, el contenido de terceros est\u00e1 marcado como tal. Sin embargo, si se entera de una infracci\u00f3n de derechos de autor, inf\u00f3rmenos. Tan pronto como tengamos conocimiento de infracciones legales, eliminaremos dicho contenido de inmediato.<\/p>\n<\/div><div class=\"fusion-text fusion-text-2\"><hr \/>\n<div class=\"fdm-logo-container white-container\"><a title=\"Webseite erstellt von: FUNKE Digital Media\" href=\"https:\/\/www.funke-digital-media.de\/\" rel=\"nofollow\"><img title=\"Webseite erstellt von: FUNKE Digital Media\" src=\"https:\/\/www.funke-digital-media.de\/fdm-snippet\/images\/made-by-funke-digital-media.png\" srcset=\"https:\/\/www.funke-digital-media.de\/fdm-snippet\/images\/made-by-funke-digital-media.png 1x, https:\/\/www.funke-digital-media.de\/fdm-snippet\/images\/made-by-funke-digital-media.png 2x\" alt=\"FUNKE Digital Media Logo\" width=\"174\" height=\"119\" \/><br \/>\n<\/a><\/div>\n<\/div><div class=\"fusion-clearfix\"><\/div><\/div><\/div><\/div><\/div>\n","protected":false},"excerpt":{"rendered":"","protected":false},"author":6,"featured_media":0,"parent":0,"menu_order":0,"comment_status":"closed","ping_status":"closed","template":"","meta":[],"tags":[],"yoast_head":"<!-- This site is optimized with the Yoast SEO plugin v19.13 - https:\/\/yoast.com\/wordpress\/plugins\/seo\/ -->\n<title>Datos &ndash; CamperClean<\/title>\n<meta name=\"robots\" content=\"index, follow, max-snippet:-1, max-image-preview:large, max-video-preview:-1\" \/>\n<link rel=\"canonical\" href=\"https:\/\/camperclean-entwicklung.entwurf.dev\/es\/datos\/\" \/>\n<meta property=\"og:locale\" content=\"es_ES\" \/>\n<meta property=\"og:type\" content=\"article\" \/>\n<meta property=\"og:title\" content=\"Datos &ndash; CamperClean\" \/>\n<meta property=\"og:url\" content=\"https:\/\/camperclean-entwicklung.entwurf.dev\/es\/datos\/\" \/>\n<meta property=\"og:site_name\" content=\"CamperClean\" \/>\n<meta property=\"article:publisher\" content=\"https:\/\/www.facebook.com\/Camperclean\/\" \/>\n<meta property=\"og:image\" content=\"https:\/\/www.funke-digital-media.de\/fdm-snippet\/images\/made-by-funke-digital-media.png\" \/>\n<meta name=\"twitter:card\" content=\"summary_large_image\" \/>\n<meta name=\"twitter:label1\" content=\"Tiempo de lectura\" \/>\n\t<meta name=\"twitter:data1\" content=\"5 minutos\" \/>\n<script type=\"application\/ld+json\" class=\"yoast-schema-graph\">{\"@context\":\"https:\/\/schema.org\",\"@graph\":[{\"@type\":\"WebPage\",\"@id\":\"https:\/\/camperclean-entwicklung.entwurf.dev\/es\/datos\/\",\"url\":\"https:\/\/camperclean-entwicklung.entwurf.dev\/es\/datos\/\",\"name\":\"Datos &ndash; CamperClean\",\"isPartOf\":{\"@id\":\"https:\/\/camperclean-entwicklung.entwurf.dev\/en\/#website\"},\"datePublished\":\"2020-05-25T08:11:22+00:00\",\"dateModified\":\"2020-05-25T08:11:22+00:00\",\"breadcrumb\":{\"@id\":\"https:\/\/camperclean-entwicklung.entwurf.dev\/es\/datos\/#breadcrumb\"},\"inLanguage\":\"es\",\"potentialAction\":[{\"@type\":\"ReadAction\",\"target\":[\"https:\/\/camperclean-entwicklung.entwurf.dev\/es\/datos\/\"]}]},{\"@type\":\"BreadcrumbList\",\"@id\":\"https:\/\/camperclean-entwicklung.entwurf.dev\/es\/datos\/#breadcrumb\",\"itemListElement\":[{\"@type\":\"ListItem\",\"position\":1,\"name\":\"Home\",\"item\":\"https:\/\/camperclean-entwicklung.entwurf.dev\/es\/\"},{\"@type\":\"ListItem\",\"position\":2,\"name\":\"Datos\"}]},{\"@type\":\"WebSite\",\"@id\":\"https:\/\/camperclean-entwicklung.entwurf.dev\/en\/#website\",\"url\":\"https:\/\/camperclean-entwicklung.entwurf.dev\/en\/\",\"name\":\"CamperClean\",\"description\":\"pure and simple\",\"publisher\":{\"@id\":\"https:\/\/camperclean-entwicklung.entwurf.dev\/en\/#organization\"},\"potentialAction\":[{\"@type\":\"SearchAction\",\"target\":{\"@type\":\"EntryPoint\",\"urlTemplate\":\"https:\/\/camperclean-entwicklung.entwurf.dev\/en\/?s={search_term_string}\"},\"query-input\":\"required name=search_term_string\"}],\"inLanguage\":\"es\"},{\"@type\":\"Organization\",\"@id\":\"https:\/\/camperclean-entwicklung.entwurf.dev\/en\/#organization\",\"name\":\"CamperClean GmbH\",\"url\":\"https:\/\/camperclean-entwicklung.entwurf.dev\/en\/\",\"logo\":{\"@type\":\"ImageObject\",\"inLanguage\":\"es\",\"@id\":\"https:\/\/camperclean-entwicklung.entwurf.dev\/en\/#\/schema\/logo\/image\/\",\"url\":\"https:\/\/camperclean-entwicklung.entwurf.dev\/wp-content\/uploads\/2019\/09\/camperclean_250x76.png\",\"contentUrl\":\"https:\/\/camperclean-entwicklung.entwurf.dev\/wp-content\/uploads\/2019\/09\/camperclean_250x76.png\",\"width\":250,\"height\":76,\"caption\":\"CamperClean GmbH\"},\"image\":{\"@id\":\"https:\/\/camperclean-entwicklung.entwurf.dev\/en\/#\/schema\/logo\/image\/\"},\"sameAs\":[\"https:\/\/www.linkedin.com\/company\/camperclean-gmbh\",\"https:\/\/www.youtube.com\/channel\/UCrDyBIaggPbV7Y79lJC9HpA\",\"https:\/\/www.facebook.com\/Camperclean\/\"]}]}<\/script>\n<!-- \/ Yoast SEO plugin. -->","yoast_head_json":{"title":"Datos &ndash; CamperClean","robots":{"index":"index","follow":"follow","max-snippet":"max-snippet:-1","max-image-preview":"max-image-preview:large","max-video-preview":"max-video-preview:-1"},"canonical":"https:\/\/camperclean-entwicklung.entwurf.dev\/es\/datos\/","og_locale":"es_ES","og_type":"article","og_title":"Datos &ndash; CamperClean","og_url":"https:\/\/camperclean-entwicklung.entwurf.dev\/es\/datos\/","og_site_name":"CamperClean","article_publisher":"https:\/\/www.facebook.com\/Camperclean\/","og_image":[{"url":"https:\/\/www.funke-digital-media.de\/fdm-snippet\/images\/made-by-funke-digital-media.png"}],"twitter_card":"summary_large_image","twitter_misc":{"Tiempo de lectura":"5 minutos"},"schema":{"@context":"https:\/\/schema.org","@graph":[{"@type":"WebPage","@id":"https:\/\/camperclean-entwicklung.entwurf.dev\/es\/datos\/","url":"https:\/\/camperclean-entwicklung.entwurf.dev\/es\/datos\/","name":"Datos &ndash; CamperClean","isPartOf":{"@id":"https:\/\/camperclean-entwicklung.entwurf.dev\/en\/#website"},"datePublished":"2020-05-25T08:11:22+00:00","dateModified":"2020-05-25T08:11:22+00:00","breadcrumb":{"@id":"https:\/\/camperclean-entwicklung.entwurf.dev\/es\/datos\/#breadcrumb"},"inLanguage":"es","potentialAction":[{"@type":"ReadAction","target":["https:\/\/camperclean-entwicklung.entwurf.dev\/es\/datos\/"]}]},{"@type":"BreadcrumbList","@id":"https:\/\/camperclean-entwicklung.entwurf.dev\/es\/datos\/#breadcrumb","itemListElement":[{"@type":"ListItem","position":1,"name":"Home","item":"https:\/\/camperclean-entwicklung.entwurf.dev\/es\/"},{"@type":"ListItem","position":2,"name":"Datos"}]},{"@type":"WebSite","@id":"https:\/\/camperclean-entwicklung.entwurf.dev\/en\/#website","url":"https:\/\/camperclean-entwicklung.entwurf.dev\/en\/","name":"CamperClean","description":"pure and simple","publisher":{"@id":"https:\/\/camperclean-entwicklung.entwurf.dev\/en\/#organization"},"potentialAction":[{"@type":"SearchAction","target":{"@type":"EntryPoint","urlTemplate":"https:\/\/camperclean-entwicklung.entwurf.dev\/en\/?s={search_term_string}"},"query-input":"required name=search_term_string"}],"inLanguage":"es"},{"@type":"Organization","@id":"https:\/\/camperclean-entwicklung.entwurf.dev\/en\/#organization","name":"CamperClean GmbH","url":"https:\/\/camperclean-entwicklung.entwurf.dev\/en\/","logo":{"@type":"ImageObject","inLanguage":"es","@id":"https:\/\/camperclean-entwicklung.entwurf.dev\/en\/#\/schema\/logo\/image\/","url":"https:\/\/camperclean-entwicklung.entwurf.dev\/wp-content\/uploads\/2019\/09\/camperclean_250x76.png","contentUrl":"https:\/\/camperclean-entwicklung.entwurf.dev\/wp-content\/uploads\/2019\/09\/camperclean_250x76.png","width":250,"height":76,"caption":"CamperClean GmbH"},"image":{"@id":"https:\/\/camperclean-entwicklung.entwurf.dev\/en\/#\/schema\/logo\/image\/"},"sameAs":["https:\/\/www.linkedin.com\/company\/camperclean-gmbh","https:\/\/www.youtube.com\/channel\/UCrDyBIaggPbV7Y79lJC9HpA","https:\/\/www.facebook.com\/Camperclean\/"]}]}},"_links":{"self":[{"href":"https:\/\/camperclean-entwicklung.entwurf.dev\/es\/wp-json\/wp\/v2\/pages\/1471"}],"collection":[{"href":"https:\/\/camperclean-entwicklung.entwurf.dev\/es\/wp-json\/wp\/v2\/pages"}],"about":[{"href":"https:\/\/camperclean-entwicklung.entwurf.dev\/es\/wp-json\/wp\/v2\/types\/page"}],"author":[{"embeddable":true,"href":"https:\/\/camperclean-entwicklung.entwurf.dev\/es\/wp-json\/wp\/v2\/users\/6"}],"replies":[{"embeddable":true,"href":"https:\/\/camperclean-entwicklung.entwurf.dev\/es\/wp-json\/wp\/v2\/comments?post=1471"}],"version-history":[{"count":4,"href":"https:\/\/camperclean-entwicklung.entwurf.dev\/es\/wp-json\/wp\/v2\/pages\/1471\/revisions"}],"predecessor-version":[{"id":1475,"href":"https:\/\/camperclean-entwicklung.entwurf.dev\/es\/wp-json\/wp\/v2\/pages\/1471\/revisions\/1475"}],"wp:attachment":[{"href":"https:\/\/camperclean-entwicklung.entwurf.dev\/es\/wp-json\/wp\/v2\/media?parent=1471"}],"wp:term":[{"taxonomy":"post_tag","embeddable":true,"href":"https:\/\/camperclean-entwicklung.entwurf.dev\/es\/wp-json\/wp\/v2\/tags?post=1471"}],"curies":[{"name":"wp","href":"https:\/\/api.w.org\/{rel}","templated":true}]}}