{"id":1899,"date":"2020-09-02T11:39:26","date_gmt":"2020-09-02T09:39:26","guid":{"rendered":"https:\/\/camperclean.com\/?page_id=1899"},"modified":"2020-09-02T13:21:14","modified_gmt":"2020-09-02T11:21:14","slug":"catalogo-de-productos","status":"publish","type":"page","link":"https:\/\/camperclean-entwicklung.entwurf.dev\/es\/para-propietarios-de-camping\/catalogo-de-productos\/","title":{"rendered":"Cat\u00e1logo de productos"},"content":{"rendered":"<p><div class=\"fusion-fullwidth fullwidth-box fusion-builder-row-1 nonhundred-percent-fullwidth non-hundred-percent-height-scrolling\" style=\"background-color: rgba(255,255,255,0);background-position: center center;background-repeat: no-repeat;padding-top:8vh;padding-right:0px;padding-bottom:5vh;padding-left:0px;margin-bottom: 0px;margin-top: 0px;border-width: 0px 0px 0px 0px;border-color:#eae9e9;border-style:solid;\" ><div class=\"fusion-builder-row fusion-row\"><div class=\"fusion-layout-column fusion_builder_column fusion-builder-column-0 fusion_builder_column_2_5 2_5 fusion-two-fifth fusion-column-first\" style=\"width:40%;width:calc(40% - ( ( 4% ) * 0.4 ) );margin-right: 4%;margin-top:0px;margin-bottom:0px;\"><div class=\"fusion-column-wrapper fusion-flex-column-wrapper-legacy\" style=\"background-position:left top;background-repeat:no-repeat;-webkit-background-size:cover;-moz-background-size:cover;-o-background-size:cover;background-size:cover;background-color:#ffffff;border:2px solid #ededed;padding: 50px 30px 50px 30px;\"><style type=\"text\/css\"><\/style><div class=\"fusion-title title fusion-title-1 fusion-sep-none fusion-title-text fusion-title-size-three\" style=\"margin-top:0px;margin-right:0px;margin-bottom:20px;margin-left:0px;\"><h3 class=\"title-heading-left fusion-responsive-typography-calculated\" style=\"margin:0;--fontSize:30;line-height:1.5;\">Tiene dudas?<\/h3><\/div><div class=\"fusion-text fusion-text-1\"><p>Si tiene m\u00e1s preguntas, no dude en comunicarse con nosotros por tel\u00e9fono o mediante nuestro formulario de contacto. Tambi\u00e9n puede encontrar respuestas a preguntas frecuentes en nuestra secci\u00f3n de preguntas frecuentes.<\/p>\n<\/div><div class=\"fusion-sep-clear\"><\/div><div class=\"fusion-separator fusion-full-width-sep\" style=\"margin-left: auto;margin-right: auto;margin-top:20px;width:100%;\"><\/div><div class=\"fusion-sep-clear\"><\/div><div class=\"fusion-button-wrapper\"><style>.fusion-body .fusion-button.button-1{border-radius:2px 2px 2px 2px;}<\/style><a class=\"fusion-button button-flat fusion-button-default-size button-default button-1 fusion-button-default-span fusion-button-default-type\" target=\"_self\" href=\"https:\/\/camperclean-entwicklung.entwurf.dev\/para-campistas\/faq\/?lang=es\"><i class=\"fa-comments far button-icon-left\" aria-hidden=\"true\"><\/i><span class=\"fusion-button-text\">PREGUNTAS &amp; CONTESTACIONES<\/span><\/a><\/div><div class=\"fusion-clearfix\"><\/div><\/div><\/div><div class=\"fusion-layout-column fusion_builder_column fusion-builder-column-1 fusion_builder_column_3_5 3_5 fusion-three-fifth fusion-column-last\" style=\"width:60%;width:calc(60% - ( ( 4% ) * 0.6 ) );margin-top:0px;margin-bottom:0px;\"><div class=\"fusion-column-wrapper fusion-flex-column-wrapper-legacy\" style=\"background-position:left top;background-repeat:no-repeat;-webkit-background-size:cover;-moz-background-size:cover;-o-background-size:cover;background-size:cover;padding: 50px 0px 0px 0px;\"><style type=\"text\/css\">@media only screen and (max-width:1024px) {.fusion-title.fusion-title-2{margin-top:30px!important;margin-bottom:0px!important;}}<\/style><div class=\"fusion-title title fusion-title-2 fusion-sep-none fusion-title-text fusion-title-size-two quote-small dachzeile\" style=\"margin-top:30px;margin-right:0px;margin-bottom:0px;margin-left:0px;\"><h2 class=\"title-heading-left fusion-responsive-typography-calculated\" style=\"margin:0;--fontSize:30;line-height:1.5;\">Cat\u00e1logo de productos<\/h2><\/div><style type=\"text\/css\"><\/style><div class=\"fusion-title title fusion-title-3 fusion-sep-none fusion-title-text fusion-title-size-one\" style=\"margin-top:0px;margin-right:0px;margin-bottom:20px;margin-left:0px;\"><h1 class=\"title-heading-left fusion-responsive-typography-calculated\" style=\"margin:0;--fontSize:40;line-height:1.4;\">Nuestro cat\u00e1logo de productos CamperClean<\/h1><\/div><div class=\"fusion-text fusion-text-2\"><p>Aqu\u00ed puede descargar nuestro cat\u00e1logo de productos o navegar directamente. Si tiene alguna pregunta, por favor no dude en contactarnos en cualquier momento.<\/p>\n<\/div><div class=\"fusion-sep-clear\"><\/div><div class=\"fusion-separator fusion-full-width-sep\" style=\"margin-left: auto;margin-right: auto;margin-top:40px;width:100%;\"><\/div><div class=\"fusion-sep-clear\"><\/div><div class=\"fusion-builder-row fusion-builder-row-inner fusion-row\"><div class=\"fusion-layout-column fusion_builder_column_inner fusion-builder-nested-column-0 fusion_builder_column_inner_1_2 1_2 fusion-one-half fusion-column-first\" style=\"width:50%;width:calc(50% - ( ( 4% ) * 0.5 ) );margin-right: 4%;margin-top:0px;margin-bottom:0px;\"><div class=\"fusion-column-wrapper fusion-flex-column-wrapper-legacy\" style=\"background-position:left top;background-repeat:no-repeat;-webkit-background-size:cover;-moz-background-size:cover;-o-background-size:cover;background-size:cover;padding: 0px 0px 0px 0px;\"><div class=\"fusion-alignleft\"><style>.fusion-body .fusion-button.button-2{border-radius:2px 2px 2px 2px;}<\/style><a class=\"fusion-button button-flat fusion-button-default-size button-default button-2 fusion-button-default-span fusion-button-default-type\" target=\"_blank\" rel=\"noopener noreferrer\" href=\"https:\/\/camperclean-entwicklung.entwurf.dev\/wp-content\/uploads\/2020\/03\/CamperClean-catalogue-092018.pdf\"><i class=\"fa-download fas button-icon-left\" aria-hidden=\"true\"><\/i><span class=\"fusion-button-text\">Descarga directa<\/span><\/a><\/div><div class=\"fusion-clearfix\"><\/div><\/div><\/div><div class=\"fusion-layout-column fusion_builder_column_inner fusion-builder-nested-column-1 fusion_builder_column_inner_1_2 1_2 fusion-one-half fusion-column-last\" style=\"width:50%;width:calc(50% - ( ( 4% ) * 0.5 ) );margin-top:0px;margin-bottom:0px;\"><div class=\"fusion-column-wrapper fusion-flex-column-wrapper-legacy\" style=\"background-position:left top;background-repeat:no-repeat;-webkit-background-size:cover;-moz-background-size:cover;-o-background-size:cover;background-size:cover;padding: 0px 0px 0px 0px;\"><div class=\"fusion-alignleft\"><style>.fusion-body .fusion-button.button-3{border-radius:2px 2px 2px 2px;}<\/style><a class=\"fusion-button button-flat fusion-button-default-size button-default button-3 fusion-button-default-span fusion-button-default-type\" target=\"_blank\" rel=\"noopener noreferrer\" href=\"#\" data-toggle=\"modal\" data-target=\".fusion-modal.katalog\"><i class=\"fa-file-alt far button-icon-left\" aria-hidden=\"true\"><\/i><span class=\"fusion-button-text\">Abre ahora<\/span><\/a><\/div><div class=\"fusion-modal modal fade modal-1 katalog\" tabindex=\"-1\" role=\"dialog\" aria-labelledby=\"modal-heading-1\" aria-hidden=\"true\"><style type=\"text\/css\">.modal-1 .modal-header, .modal-1 .modal-footer{border-color:#ebebeb;}<\/style><div class=\"modal-dialog modal-lg\" role=\"document\"><div class=\"modal-content fusion-modal-content\" style=\"background-color:#f6f6f6\"><div class=\"modal-header\"><button class=\"close\" type=\"button\" data-dismiss=\"modal\" aria-hidden=\"true\" aria-label=\"Close\">&times;<\/button><h3 class=\"modal-title\" id=\"modal-heading-1\" data-dismiss=\"modal\" aria-hidden=\"true\">Katalog<\/h3><\/div><div class=\"modal-body fusion-clearfix\">\n\t\t<style>\r\n            #h5vp69d165b44b894 iframe {  width: 100%; }        <\/style>\r\n        \t    <div id=\"h5vp69d165b44b894\" class=\"pdfp_wrapper\">\r\n                        <div class=\"cta_wrapper\">\r\n                \t            <p><a href=\"https:\/\/camperclean-entwicklung.entwurf.dev\/wp-content\/plugins\/pdf-poster\/pdfjs\/web\/viewer.html?file=https:\/\/camperclean-entwicklung.entwurf.dev\/wp-content\/uploads\/2020\/03\/CamperClean-catalogue-092018.pdf&#038;download=true&#038;print=&#038;openfile=false\"><button>View Fullscreen<\/button><\/a><\/p>\r\n            <\/div>\r\n            <div class=\"iframe_wrapper\">\r\n                <iframe loading=\"lazy\" width=\"100%\" height=\"1122px\" src=\"https:\/\/camperclean-entwicklung.entwurf.dev\/wp-content\/plugins\/pdf-poster\/pdfjs\/web\/viewer.html?file=https:\/\/camperclean-entwicklung.entwurf.dev\/wp-content\/uploads\/2020\/03\/CamperClean-catalogue-092018.pdf&#038;download=true&#038;print=&#038;openfile=false\"><\/iframe>\r\n            <\/div>\r\n\t    <\/div>\r\n        \n<\/div><div class=\"modal-footer\"><button class=\"fusion-button button-default button-medium button default medium\" type=\"button\" data-dismiss=\"modal\">Close<\/button><\/div><\/div><\/div><\/div><div class=\"fusion-clearfix\"><\/div><\/div><\/div><\/div><div class=\"fusion-clearfix\"><\/div><\/div><\/div><\/div><\/div><div class=\"fusion-fullwidth fullwidth-box fusion-builder-row-2 hundred-percent-fullwidth non-hundred-percent-height-scrolling\" style=\"background-color: rgba(255,255,255,0);background-position: center center;background-repeat: no-repeat;padding-top:0px;padding-right:0px;padding-bottom:0px;padding-left:0px;border-width: 0px 0px 0px 0px;border-color:#eae9e9;border-style:solid;\" ><div class=\"fusion-builder-row fusion-row\"><div class=\"fusion-layout-column fusion_builder_column fusion-builder-column-2 fusion_builder_column_1_1 1_1 fusion-one-full fusion-column-first fusion-column-last gradient-line\" style=\"margin-top:0px;margin-bottom:0px;\"><div class=\"fusion-column-wrapper fusion-flex-column-wrapper-legacy\" style=\"background-position:left top;background-repeat:no-repeat;-webkit-background-size:cover;-moz-background-size:cover;-o-background-size:cover;background-size:cover;padding: 2px 0px 2px 0px;\"><div class=\"fusion-clearfix\"><\/div><\/div><\/div><\/div><\/div><\/p>\n","protected":false},"excerpt":{"rendered":"","protected":false},"author":6,"featured_media":0,"parent":1347,"menu_order":0,"comment_status":"closed","ping_status":"closed","template":"100-width.php","meta":[],"tags":[],"yoast_head":"<!-- This site is optimized with the Yoast SEO plugin v19.13 - https:\/\/yoast.com\/wordpress\/plugins\/seo\/ -->\n<title>Cat\u00e1logo de productos &ndash; CamperClean<\/title>\n<meta name=\"robots\" content=\"index, follow, max-snippet:-1, max-image-preview:large, max-video-preview:-1\" \/>\n<link rel=\"canonical\" href=\"https:\/\/camperclean-entwicklung.entwurf.dev\/es\/para-propietarios-de-camping\/catalogo-de-productos\/\" \/>\n<meta property=\"og:locale\" content=\"es_ES\" \/>\n<meta property=\"og:type\" content=\"article\" \/>\n<meta property=\"og:title\" content=\"Cat\u00e1logo de productos &ndash; CamperClean\" \/>\n<meta property=\"og:url\" content=\"https:\/\/camperclean-entwicklung.entwurf.dev\/es\/para-propietarios-de-camping\/catalogo-de-productos\/\" \/>\n<meta property=\"og:site_name\" content=\"CamperClean\" \/>\n<meta property=\"article:publisher\" content=\"https:\/\/www.facebook.com\/Camperclean\/\" \/>\n<meta property=\"article:modified_time\" content=\"2020-09-02T11:21:14+00:00\" \/>\n<meta property=\"og:image\" content=\"https:\/\/camperclean-entwicklung.entwurf.dev\/wp-content\/uploads\/2019\/09\/camperclean_250x76.png\" \/>\n\t<meta property=\"og:image:width\" content=\"250\" \/>\n\t<meta property=\"og:image:height\" content=\"76\" \/>\n\t<meta property=\"og:image:type\" content=\"image\/png\" \/>\n<meta name=\"twitter:card\" content=\"summary_large_image\" \/>\n<meta name=\"twitter:label1\" content=\"Tiempo de lectura\" \/>\n\t<meta name=\"twitter:data1\" content=\"10 minutos\" \/>\n<script type=\"application\/ld+json\" class=\"yoast-schema-graph\">{\"@context\":\"https:\/\/schema.org\",\"@graph\":[{\"@type\":\"WebPage\",\"@id\":\"https:\/\/camperclean-entwicklung.entwurf.dev\/es\/para-propietarios-de-camping\/catalogo-de-productos\/\",\"url\":\"https:\/\/camperclean-entwicklung.entwurf.dev\/es\/para-propietarios-de-camping\/catalogo-de-productos\/\",\"name\":\"Cat\u00e1logo de productos &ndash; CamperClean\",\"isPartOf\":{\"@id\":\"https:\/\/camperclean-entwicklung.entwurf.dev\/en\/#website\"},\"datePublished\":\"2020-09-02T09:39:26+00:00\",\"dateModified\":\"2020-09-02T11:21:14+00:00\",\"breadcrumb\":{\"@id\":\"https:\/\/camperclean-entwicklung.entwurf.dev\/es\/para-propietarios-de-camping\/catalogo-de-productos\/#breadcrumb\"},\"inLanguage\":\"es\",\"potentialAction\":[{\"@type\":\"ReadAction\",\"target\":[\"https:\/\/camperclean-entwicklung.entwurf.dev\/es\/para-propietarios-de-camping\/catalogo-de-productos\/\"]}]},{\"@type\":\"BreadcrumbList\",\"@id\":\"https:\/\/camperclean-entwicklung.entwurf.dev\/es\/para-propietarios-de-camping\/catalogo-de-productos\/#breadcrumb\",\"itemListElement\":[{\"@type\":\"ListItem\",\"position\":1,\"name\":\"Home\",\"item\":\"https:\/\/camperclean-entwicklung.entwurf.dev\/es\/\"},{\"@type\":\"ListItem\",\"position\":2,\"name\":\"Para Propietarios\",\"item\":\"https:\/\/camperclean-entwicklung.entwurf.dev\/es\/para-propietarios-de-camping\/\"},{\"@type\":\"ListItem\",\"position\":3,\"name\":\"Cat\u00e1logo de productos\"}]},{\"@type\":\"WebSite\",\"@id\":\"https:\/\/camperclean-entwicklung.entwurf.dev\/en\/#website\",\"url\":\"https:\/\/camperclean-entwicklung.entwurf.dev\/en\/\",\"name\":\"CamperClean\",\"description\":\"pure and simple\",\"publisher\":{\"@id\":\"https:\/\/camperclean-entwicklung.entwurf.dev\/en\/#organization\"},\"potentialAction\":[{\"@type\":\"SearchAction\",\"target\":{\"@type\":\"EntryPoint\",\"urlTemplate\":\"https:\/\/camperclean-entwicklung.entwurf.dev\/en\/?s={search_term_string}\"},\"query-input\":\"required name=search_term_string\"}],\"inLanguage\":\"es\"},{\"@type\":\"Organization\",\"@id\":\"https:\/\/camperclean-entwicklung.entwurf.dev\/en\/#organization\",\"name\":\"CamperClean GmbH\",\"url\":\"https:\/\/camperclean-entwicklung.entwurf.dev\/en\/\",\"logo\":{\"@type\":\"ImageObject\",\"inLanguage\":\"es\",\"@id\":\"https:\/\/camperclean-entwicklung.entwurf.dev\/en\/#\/schema\/logo\/image\/\",\"url\":\"https:\/\/camperclean-entwicklung.entwurf.dev\/wp-content\/uploads\/2019\/09\/camperclean_250x76.png\",\"contentUrl\":\"https:\/\/camperclean-entwicklung.entwurf.dev\/wp-content\/uploads\/2019\/09\/camperclean_250x76.png\",\"width\":250,\"height\":76,\"caption\":\"CamperClean GmbH\"},\"image\":{\"@id\":\"https:\/\/camperclean-entwicklung.entwurf.dev\/en\/#\/schema\/logo\/image\/\"},\"sameAs\":[\"https:\/\/www.linkedin.com\/company\/camperclean-gmbh\",\"https:\/\/www.youtube.com\/channel\/UCrDyBIaggPbV7Y79lJC9HpA\",\"https:\/\/www.facebook.com\/Camperclean\/\"]}]}<\/script>\n<!-- \/ Yoast SEO plugin. -->","yoast_head_json":{"title":"Cat\u00e1logo de productos &ndash; CamperClean","robots":{"index":"index","follow":"follow","max-snippet":"max-snippet:-1","max-image-preview":"max-image-preview:large","max-video-preview":"max-video-preview:-1"},"canonical":"https:\/\/camperclean-entwicklung.entwurf.dev\/es\/para-propietarios-de-camping\/catalogo-de-productos\/","og_locale":"es_ES","og_type":"article","og_title":"Cat\u00e1logo de productos &ndash; CamperClean","og_url":"https:\/\/camperclean-entwicklung.entwurf.dev\/es\/para-propietarios-de-camping\/catalogo-de-productos\/","og_site_name":"CamperClean","article_publisher":"https:\/\/www.facebook.com\/Camperclean\/","article_modified_time":"2020-09-02T11:21:14+00:00","og_image":[{"width":250,"height":76,"url":"https:\/\/camperclean-entwicklung.entwurf.dev\/wp-content\/uploads\/2019\/09\/camperclean_250x76.png","type":"image\/png"}],"twitter_card":"summary_large_image","twitter_misc":{"Tiempo de lectura":"10 minutos"},"schema":{"@context":"https:\/\/schema.org","@graph":[{"@type":"WebPage","@id":"https:\/\/camperclean-entwicklung.entwurf.dev\/es\/para-propietarios-de-camping\/catalogo-de-productos\/","url":"https:\/\/camperclean-entwicklung.entwurf.dev\/es\/para-propietarios-de-camping\/catalogo-de-productos\/","name":"Cat\u00e1logo de productos &ndash; CamperClean","isPartOf":{"@id":"https:\/\/camperclean-entwicklung.entwurf.dev\/en\/#website"},"datePublished":"2020-09-02T09:39:26+00:00","dateModified":"2020-09-02T11:21:14+00:00","breadcrumb":{"@id":"https:\/\/camperclean-entwicklung.entwurf.dev\/es\/para-propietarios-de-camping\/catalogo-de-productos\/#breadcrumb"},"inLanguage":"es","potentialAction":[{"@type":"ReadAction","target":["https:\/\/camperclean-entwicklung.entwurf.dev\/es\/para-propietarios-de-camping\/catalogo-de-productos\/"]}]},{"@type":"BreadcrumbList","@id":"https:\/\/camperclean-entwicklung.entwurf.dev\/es\/para-propietarios-de-camping\/catalogo-de-productos\/#breadcrumb","itemListElement":[{"@type":"ListItem","position":1,"name":"Home","item":"https:\/\/camperclean-entwicklung.entwurf.dev\/es\/"},{"@type":"ListItem","position":2,"name":"Para Propietarios","item":"https:\/\/camperclean-entwicklung.entwurf.dev\/es\/para-propietarios-de-camping\/"},{"@type":"ListItem","position":3,"name":"Cat\u00e1logo de productos"}]},{"@type":"WebSite","@id":"https:\/\/camperclean-entwicklung.entwurf.dev\/en\/#website","url":"https:\/\/camperclean-entwicklung.entwurf.dev\/en\/","name":"CamperClean","description":"pure and simple","publisher":{"@id":"https:\/\/camperclean-entwicklung.entwurf.dev\/en\/#organization"},"potentialAction":[{"@type":"SearchAction","target":{"@type":"EntryPoint","urlTemplate":"https:\/\/camperclean-entwicklung.entwurf.dev\/en\/?s={search_term_string}"},"query-input":"required name=search_term_string"}],"inLanguage":"es"},{"@type":"Organization","@id":"https:\/\/camperclean-entwicklung.entwurf.dev\/en\/#organization","name":"CamperClean GmbH","url":"https:\/\/camperclean-entwicklung.entwurf.dev\/en\/","logo":{"@type":"ImageObject","inLanguage":"es","@id":"https:\/\/camperclean-entwicklung.entwurf.dev\/en\/#\/schema\/logo\/image\/","url":"https:\/\/camperclean-entwicklung.entwurf.dev\/wp-content\/uploads\/2019\/09\/camperclean_250x76.png","contentUrl":"https:\/\/camperclean-entwicklung.entwurf.dev\/wp-content\/uploads\/2019\/09\/camperclean_250x76.png","width":250,"height":76,"caption":"CamperClean GmbH"},"image":{"@id":"https:\/\/camperclean-entwicklung.entwurf.dev\/en\/#\/schema\/logo\/image\/"},"sameAs":["https:\/\/www.linkedin.com\/company\/camperclean-gmbh","https:\/\/www.youtube.com\/channel\/UCrDyBIaggPbV7Y79lJC9HpA","https:\/\/www.facebook.com\/Camperclean\/"]}]}},"_links":{"self":[{"href":"https:\/\/camperclean-entwicklung.entwurf.dev\/es\/wp-json\/wp\/v2\/pages\/1899"}],"collection":[{"href":"https:\/\/camperclean-entwicklung.entwurf.dev\/es\/wp-json\/wp\/v2\/pages"}],"about":[{"href":"https:\/\/camperclean-entwicklung.entwurf.dev\/es\/wp-json\/wp\/v2\/types\/page"}],"author":[{"embeddable":true,"href":"https:\/\/camperclean-entwicklung.entwurf.dev\/es\/wp-json\/wp\/v2\/users\/6"}],"replies":[{"embeddable":true,"href":"https:\/\/camperclean-entwicklung.entwurf.dev\/es\/wp-json\/wp\/v2\/comments?post=1899"}],"version-history":[{"count":5,"href":"https:\/\/camperclean-entwicklung.entwurf.dev\/es\/wp-json\/wp\/v2\/pages\/1899\/revisions"}],"predecessor-version":[{"id":1908,"href":"https:\/\/camperclean-entwicklung.entwurf.dev\/es\/wp-json\/wp\/v2\/pages\/1899\/revisions\/1908"}],"up":[{"embeddable":true,"href":"https:\/\/camperclean-entwicklung.entwurf.dev\/es\/wp-json\/wp\/v2\/pages\/1347"}],"wp:attachment":[{"href":"https:\/\/camperclean-entwicklung.entwurf.dev\/es\/wp-json\/wp\/v2\/media?parent=1899"}],"wp:term":[{"taxonomy":"post_tag","embeddable":true,"href":"https:\/\/camperclean-entwicklung.entwurf.dev\/es\/wp-json\/wp\/v2\/tags?post=1899"}],"curies":[{"name":"wp","href":"https:\/\/api.w.org\/{rel}","templated":true}]}}