{"id":2532,"date":"2020-10-08T15:50:46","date_gmt":"2020-10-08T13:50:46","guid":{"rendered":"https:\/\/camperclean.com\/?page_id=2532"},"modified":"2021-02-23T12:25:29","modified_gmt":"2021-02-23T11:25:29","slug":"informations-juridiques","status":"publish","type":"page","link":"https:\/\/camperclean-entwicklung.entwurf.dev\/fr\/informations-juridiques\/","title":{"rendered":"Informations juridiques"},"content":{"rendered":"<div class=\"fusion-fullwidth fullwidth-box fusion-builder-row-1 nonhundred-percent-fullwidth non-hundred-percent-height-scrolling\" style=\"background-color: rgba(255,255,255,0);background-position: center center;background-repeat: no-repeat;padding-top:0px;padding-right:0px;padding-bottom:0px;padding-left:0px;margin-bottom: 0px;margin-top: 0px;border-width: 0px 0px 0px 0px;border-color:#eae9e9;border-style:solid;\" ><div class=\"fusion-builder-row fusion-row\"><div class=\"fusion-layout-column fusion_builder_column fusion-builder-column-0 fusion_builder_column_1_1 1_1 fusion-one-full fusion-column-first fusion-column-last\" style=\"margin-top:0px;margin-bottom:0px;\"><div class=\"fusion-column-wrapper fusion-flex-column-wrapper-legacy\" style=\"background-position:left top;background-repeat:no-repeat;-webkit-background-size:cover;-moz-background-size:cover;-o-background-size:cover;background-size:cover;padding: 50px 0px 0px 0px;\"><style type=\"text\/css\"><\/style><div class=\"fusion-title title fusion-title-1 fusion-sep-none fusion-title-text fusion-title-size-one\" style=\"margin-top:0px;margin-right:0px;margin-bottom:20px;margin-left:0px;\"><h1 class=\"title-heading-left fusion-responsive-typography-calculated\" style=\"margin:0;--fontSize:40;line-height:1.4;\">Informations juridiques<\/h1><\/div><div class=\"fusion-text fusion-text-1\"><p>Donn\u00e9es selon a75 TMG<\/p>\n<p><strong>CamperClean Tebartz und Butterweck GbR<\/strong><br \/>\nAm Halswick 16<br \/>\n46514 Schermbeck<\/p>\n<p><b>Contact:\u00a0<\/b><br \/>\nTel.: +49 (0) 2853 4538<br \/>\nFax: +49 (0) 2853 955402<br \/>\nE-Mail: <a href=\"mailto:info@camperclean-entwicklung.entwurf.dev\">info@camperclean-entwicklung.entwurf.dev<\/a><\/p>\n<p><strong>Associ\u00e9s ayant le droit de repr\u00e9sentation\u00a0:<\/strong><br \/>\nRalf und Peter Tebartz, Mark Butterweck<\/p>\n<p><strong>ID de taxe sur la valeur ajout\u00e9e : <\/strong><br \/>\nUmsatzsteuer-Identifikationsnummer gem\u00e4\u00df \u00a727a Umsatzsteuergesetz: DE 815410846<\/p>\n<p><strong>r\u00e9dits photos :<\/strong><br \/>\n\u00a9 iStockphoto LP<\/p>\n<hr \/>\n<h3 data-fontsize=\"26\" data-lineheight=\"33\">Gestion des plaintes \/ obligation d\u2019information sur le r\u00e8glement des litiges en ligne<\/h3>\n<p>Depuis le 15 f\u00e9vrier 2016, la Commission europ\u00e9enne a mis en place une plate-forme de r\u00e8glement extrajudiciaire des litiges. Les consommateurs ont ainsi la possibilit\u00e9 de r\u00e9gler les litiges li\u00e9s \u00e0 l\u2019offre en ligne sans recourir \u00e0 un tribunal. La plateforme de r\u00e8glement des diff\u00e9rends est accessible via le lien externe https:\/\/ec.europa.eu\/consumers\/odr\/. Dans ce contexte, nous sommes l\u00e9galement tenus de vous indiquer notre adresse e-mail, \u00e0 savoir info@camperclean-entwicklung.entwurf.dev. Nous nous effor\u00e7ons de r\u00e9gler d\u2019un commun accord les diff\u00e9rends \u00e9ventuels d\u00e9coulant de notre Trait\u00e9. En outre, nous ne sommes pas oblig\u00e9s de participer \u00e0 une proc\u00e9dure de conciliation et nous ne pouvons malheureusement pas vous proposer de participer \u00e0 une telle proc\u00e9dure.<\/p>\n<hr \/>\n<h2 data-fontsize=\"46\" data-lineheight=\"57\">Clause de non-responsabilit\u00e9:<\/h2>\n<p><strong>Responsabilit\u00e9 des contenus<\/strong><br \/>\nLe contenu de nos pages a \u00e9t\u00e9 \u00e9labor\u00e9 avec le plus grand soin. Nous ne sommes toutefois pas responsables de l\u2019exactitude, de l\u2019exhaustivit\u00e9 et de l\u2019actualit\u00e9 des contenus. Toutefois, en vertu de \u2022 8 \u00e0 10 TMG, nous ne sommes pas oblig\u00e9s, en tant que prestataires de services, de surveiller ou de rechercher des informations \u00e9trang\u00e8res transmises ou stock\u00e9es, dans des circonstances r\u00e9v\u00e9lant une activit\u00e9 ill\u00e9gale. Cette disposition est sans pr\u00e9judice de l\u2019obligation de supprimer ou de bloquer l\u2019utilisation des informations en vertu de la l\u00e9gislation g\u00e9n\u00e9rale. Toutefois, la responsabilit\u00e9 ne peut \u00eatre engag\u00e9e \u00e0 cet \u00e9gard qu\u2019\u00e0 partir de la connaissance d\u2019une infraction concr\u00e8te. Si des violations correspondantes sont connues, nous les supprimerons imm\u00e9diatement.<\/p>\n<p><strong>Responsabilit\u00e9 pour les liens<\/strong><br \/>\nNotre offre contient des liens vers des sites web externes de tiers sur lesquels nous n\u2019avons aucune influence. C\u2019est pourquoi nous ne pouvons garantir ces contenus \u00e9trangers. Le contenu des pages mises en lien rel\u00e8ve toujours de la responsabilit\u00e9 du fournisseur ou de l\u2019exploitant des pages. Au moment de l\u2019\u00e9tablissement du lien, les pages en lien ont \u00e9t\u00e9 v\u00e9rifi\u00e9es pour d\u00e9tecter d\u2019\u00e9ventuelles infractions. Les contenus ill\u00e9gaux n\u2019\u00e9taient pas visibles au moment du lien. Toutefois, un contr\u00f4le permanent du contenu des pages li\u00e9es n\u2019est pas acceptable sans preuves concr\u00e8tes d\u2019une atteinte \u00e0 un droit. Nous supprimerons imm\u00e9diatement de tels liens les cas de violation de la loi.<\/p>\n<p><strong>Copyright<\/strong><br \/>\nLes contenus et les \u0153uvres produits par les op\u00e9rateurs de page sur ces pages sont soumis au droit d\u2019auteur allemand. La reproduction, l\u2019\u00e9dition, la diffusion et toute forme d\u2019exploitation en dehors des limites du droit d\u2019auteur requi\u00e8rent l\u2019accord \u00e9crit de l\u2019auteur ou de l\u2019auteur. Fabricant. Les t\u00e9l\u00e9chargements et les copies de cette page ne sont autoris\u00e9s que pour un usage priv\u00e9 et non commercial. Dans la mesure o\u00f9 le contenu de cette page n\u2019a pas \u00e9t\u00e9 cr\u00e9\u00e9 par l\u2019op\u00e9rateur, les droits d\u2019auteur de tiers sont respect\u00e9s. En particulier, les contenus de tiers sont identifi\u00e9s comme tels. Si vous deviez tout de m\u00eame \u00eatre inform\u00e9 d\u2019une violation du droit d\u2019auteur, nous vous prions de bien vouloir nous en informer. Si des violations sont port\u00e9es \u00e0 notre connaissance, nous les supprimerons imm\u00e9diatement.<\/p>\n<\/div><div class=\"fusion-text fusion-text-2\"><hr \/>\n<div class=\"fdm-logo-container white-container\"><a title=\"Webseite erstellt von: FUNKE Digital Media\" href=\"https:\/\/www.funke-digital-media.de\/\" rel=\"nofollow\"><img title=\"Webseite erstellt von: FUNKE Digital Media\" src=\"https:\/\/www.funke-digital-media.de\/fdm-snippet\/images\/made-by-funke-digital-media.png\" srcset=\"https:\/\/www.funke-digital-media.de\/fdm-snippet\/images\/made-by-funke-digital-media.png 1x, https:\/\/www.funke-digital-media.de\/fdm-snippet\/images\/made-by-funke-digital-media.png 2x\" alt=\"FUNKE Digital Media Logo\" width=\"174\" height=\"119\" \/><br \/>\n<\/a><\/div>\n<\/div><div class=\"fusion-clearfix\"><\/div><\/div><\/div><\/div><\/div>\n","protected":false},"excerpt":{"rendered":"","protected":false},"author":6,"featured_media":0,"parent":0,"menu_order":0,"comment_status":"closed","ping_status":"closed","template":"","meta":[],"tags":[],"yoast_head":"<!-- This site is optimized with the Yoast SEO plugin v19.13 - https:\/\/yoast.com\/wordpress\/plugins\/seo\/ -->\n<title>Informations juridiques &ndash; CamperClean<\/title>\n<meta name=\"robots\" content=\"index, follow, max-snippet:-1, max-image-preview:large, max-video-preview:-1\" \/>\n<link rel=\"canonical\" href=\"https:\/\/camperclean-entwicklung.entwurf.dev\/fr\/informations-juridiques\/\" \/>\n<meta property=\"og:locale\" content=\"fr_FR\" \/>\n<meta property=\"og:type\" content=\"article\" \/>\n<meta property=\"og:title\" content=\"Informations juridiques &ndash; CamperClean\" \/>\n<meta property=\"og:url\" content=\"https:\/\/camperclean-entwicklung.entwurf.dev\/fr\/informations-juridiques\/\" \/>\n<meta property=\"og:site_name\" content=\"CamperClean\" \/>\n<meta property=\"article:publisher\" content=\"https:\/\/www.facebook.com\/Camperclean\/\" \/>\n<meta property=\"article:modified_time\" content=\"2021-02-23T11:25:29+00:00\" \/>\n<meta property=\"og:image\" content=\"https:\/\/www.funke-digital-media.de\/fdm-snippet\/images\/made-by-funke-digital-media.png\" \/>\n<meta name=\"twitter:card\" content=\"summary_large_image\" \/>\n<meta name=\"twitter:label1\" content=\"Dur\u00e9e de lecture estim\u00e9e\" \/>\n\t<meta name=\"twitter:data1\" content=\"6 minutes\" \/>\n<script type=\"application\/ld+json\" class=\"yoast-schema-graph\">{\"@context\":\"https:\/\/schema.org\",\"@graph\":[{\"@type\":\"WebPage\",\"@id\":\"https:\/\/camperclean-entwicklung.entwurf.dev\/fr\/informations-juridiques\/\",\"url\":\"https:\/\/camperclean-entwicklung.entwurf.dev\/fr\/informations-juridiques\/\",\"name\":\"Informations juridiques &ndash; CamperClean\",\"isPartOf\":{\"@id\":\"https:\/\/camperclean-entwicklung.entwurf.dev\/en\/#website\"},\"datePublished\":\"2020-10-08T13:50:46+00:00\",\"dateModified\":\"2021-02-23T11:25:29+00:00\",\"breadcrumb\":{\"@id\":\"https:\/\/camperclean-entwicklung.entwurf.dev\/fr\/informations-juridiques\/#breadcrumb\"},\"inLanguage\":\"fr-FR\",\"potentialAction\":[{\"@type\":\"ReadAction\",\"target\":[\"https:\/\/camperclean-entwicklung.entwurf.dev\/fr\/informations-juridiques\/\"]}]},{\"@type\":\"BreadcrumbList\",\"@id\":\"https:\/\/camperclean-entwicklung.entwurf.dev\/fr\/informations-juridiques\/#breadcrumb\",\"itemListElement\":[{\"@type\":\"ListItem\",\"position\":1,\"name\":\"Home\",\"item\":\"https:\/\/camperclean-entwicklung.entwurf.dev\/fr\/\"},{\"@type\":\"ListItem\",\"position\":2,\"name\":\"Informations juridiques\"}]},{\"@type\":\"WebSite\",\"@id\":\"https:\/\/camperclean-entwicklung.entwurf.dev\/en\/#website\",\"url\":\"https:\/\/camperclean-entwicklung.entwurf.dev\/en\/\",\"name\":\"CamperClean\",\"description\":\"pure and simple\",\"publisher\":{\"@id\":\"https:\/\/camperclean-entwicklung.entwurf.dev\/en\/#organization\"},\"potentialAction\":[{\"@type\":\"SearchAction\",\"target\":{\"@type\":\"EntryPoint\",\"urlTemplate\":\"https:\/\/camperclean-entwicklung.entwurf.dev\/en\/?s={search_term_string}\"},\"query-input\":\"required name=search_term_string\"}],\"inLanguage\":\"fr-FR\"},{\"@type\":\"Organization\",\"@id\":\"https:\/\/camperclean-entwicklung.entwurf.dev\/en\/#organization\",\"name\":\"CamperClean GmbH\",\"url\":\"https:\/\/camperclean-entwicklung.entwurf.dev\/en\/\",\"logo\":{\"@type\":\"ImageObject\",\"inLanguage\":\"fr-FR\",\"@id\":\"https:\/\/camperclean-entwicklung.entwurf.dev\/en\/#\/schema\/logo\/image\/\",\"url\":\"https:\/\/camperclean-entwicklung.entwurf.dev\/wp-content\/uploads\/2019\/09\/camperclean_250x76.png\",\"contentUrl\":\"https:\/\/camperclean-entwicklung.entwurf.dev\/wp-content\/uploads\/2019\/09\/camperclean_250x76.png\",\"width\":250,\"height\":76,\"caption\":\"CamperClean GmbH\"},\"image\":{\"@id\":\"https:\/\/camperclean-entwicklung.entwurf.dev\/en\/#\/schema\/logo\/image\/\"},\"sameAs\":[\"https:\/\/www.linkedin.com\/company\/camperclean-gmbh\",\"https:\/\/www.youtube.com\/channel\/UCrDyBIaggPbV7Y79lJC9HpA\",\"https:\/\/www.facebook.com\/Camperclean\/\"]}]}<\/script>\n<!-- \/ Yoast SEO plugin. -->","yoast_head_json":{"title":"Informations juridiques &ndash; CamperClean","robots":{"index":"index","follow":"follow","max-snippet":"max-snippet:-1","max-image-preview":"max-image-preview:large","max-video-preview":"max-video-preview:-1"},"canonical":"https:\/\/camperclean-entwicklung.entwurf.dev\/fr\/informations-juridiques\/","og_locale":"fr_FR","og_type":"article","og_title":"Informations juridiques &ndash; CamperClean","og_url":"https:\/\/camperclean-entwicklung.entwurf.dev\/fr\/informations-juridiques\/","og_site_name":"CamperClean","article_publisher":"https:\/\/www.facebook.com\/Camperclean\/","article_modified_time":"2021-02-23T11:25:29+00:00","og_image":[{"url":"https:\/\/www.funke-digital-media.de\/fdm-snippet\/images\/made-by-funke-digital-media.png"}],"twitter_card":"summary_large_image","twitter_misc":{"Dur\u00e9e de lecture estim\u00e9e":"6 minutes"},"schema":{"@context":"https:\/\/schema.org","@graph":[{"@type":"WebPage","@id":"https:\/\/camperclean-entwicklung.entwurf.dev\/fr\/informations-juridiques\/","url":"https:\/\/camperclean-entwicklung.entwurf.dev\/fr\/informations-juridiques\/","name":"Informations juridiques &ndash; CamperClean","isPartOf":{"@id":"https:\/\/camperclean-entwicklung.entwurf.dev\/en\/#website"},"datePublished":"2020-10-08T13:50:46+00:00","dateModified":"2021-02-23T11:25:29+00:00","breadcrumb":{"@id":"https:\/\/camperclean-entwicklung.entwurf.dev\/fr\/informations-juridiques\/#breadcrumb"},"inLanguage":"fr-FR","potentialAction":[{"@type":"ReadAction","target":["https:\/\/camperclean-entwicklung.entwurf.dev\/fr\/informations-juridiques\/"]}]},{"@type":"BreadcrumbList","@id":"https:\/\/camperclean-entwicklung.entwurf.dev\/fr\/informations-juridiques\/#breadcrumb","itemListElement":[{"@type":"ListItem","position":1,"name":"Home","item":"https:\/\/camperclean-entwicklung.entwurf.dev\/fr\/"},{"@type":"ListItem","position":2,"name":"Informations juridiques"}]},{"@type":"WebSite","@id":"https:\/\/camperclean-entwicklung.entwurf.dev\/en\/#website","url":"https:\/\/camperclean-entwicklung.entwurf.dev\/en\/","name":"CamperClean","description":"pure and simple","publisher":{"@id":"https:\/\/camperclean-entwicklung.entwurf.dev\/en\/#organization"},"potentialAction":[{"@type":"SearchAction","target":{"@type":"EntryPoint","urlTemplate":"https:\/\/camperclean-entwicklung.entwurf.dev\/en\/?s={search_term_string}"},"query-input":"required name=search_term_string"}],"inLanguage":"fr-FR"},{"@type":"Organization","@id":"https:\/\/camperclean-entwicklung.entwurf.dev\/en\/#organization","name":"CamperClean GmbH","url":"https:\/\/camperclean-entwicklung.entwurf.dev\/en\/","logo":{"@type":"ImageObject","inLanguage":"fr-FR","@id":"https:\/\/camperclean-entwicklung.entwurf.dev\/en\/#\/schema\/logo\/image\/","url":"https:\/\/camperclean-entwicklung.entwurf.dev\/wp-content\/uploads\/2019\/09\/camperclean_250x76.png","contentUrl":"https:\/\/camperclean-entwicklung.entwurf.dev\/wp-content\/uploads\/2019\/09\/camperclean_250x76.png","width":250,"height":76,"caption":"CamperClean GmbH"},"image":{"@id":"https:\/\/camperclean-entwicklung.entwurf.dev\/en\/#\/schema\/logo\/image\/"},"sameAs":["https:\/\/www.linkedin.com\/company\/camperclean-gmbh","https:\/\/www.youtube.com\/channel\/UCrDyBIaggPbV7Y79lJC9HpA","https:\/\/www.facebook.com\/Camperclean\/"]}]}},"_links":{"self":[{"href":"https:\/\/camperclean-entwicklung.entwurf.dev\/fr\/wp-json\/wp\/v2\/pages\/2532"}],"collection":[{"href":"https:\/\/camperclean-entwicklung.entwurf.dev\/fr\/wp-json\/wp\/v2\/pages"}],"about":[{"href":"https:\/\/camperclean-entwicklung.entwurf.dev\/fr\/wp-json\/wp\/v2\/types\/page"}],"author":[{"embeddable":true,"href":"https:\/\/camperclean-entwicklung.entwurf.dev\/fr\/wp-json\/wp\/v2\/users\/6"}],"replies":[{"embeddable":true,"href":"https:\/\/camperclean-entwicklung.entwurf.dev\/fr\/wp-json\/wp\/v2\/comments?post=2532"}],"version-history":[{"count":5,"href":"https:\/\/camperclean-entwicklung.entwurf.dev\/fr\/wp-json\/wp\/v2\/pages\/2532\/revisions"}],"predecessor-version":[{"id":2788,"href":"https:\/\/camperclean-entwicklung.entwurf.dev\/fr\/wp-json\/wp\/v2\/pages\/2532\/revisions\/2788"}],"wp:attachment":[{"href":"https:\/\/camperclean-entwicklung.entwurf.dev\/fr\/wp-json\/wp\/v2\/media?parent=2532"}],"wp:term":[{"taxonomy":"post_tag","embeddable":true,"href":"https:\/\/camperclean-entwicklung.entwurf.dev\/fr\/wp-json\/wp\/v2\/tags?post=2532"}],"curies":[{"name":"wp","href":"https:\/\/api.w.org\/{rel}","templated":true}]}}