{"id":4132,"date":"2022-08-25T15:53:02","date_gmt":"2022-08-25T13:53:02","guid":{"rendered":"https:\/\/camperclean-entwicklung.entwurf.dev\/?page_id=4132"},"modified":"2022-08-25T16:14:33","modified_gmt":"2022-08-25T14:14:33","slug":"contact-customer","status":"publish","type":"page","link":"https:\/\/camperclean-entwicklung.entwurf.dev\/fr\/contact-customer\/","title":{"rendered":"contact"},"content":{"rendered":"<div class=\"fusion-fullwidth fullwidth-box fusion-builder-row-1 nonhundred-percent-fullwidth non-hundred-percent-height-scrolling\" style=\"background-color: rgba(255,255,255,0);background-position: center center;background-repeat: no-repeat;padding-top:8vh;padding-right:0px;padding-bottom:8vh;padding-left:0px;margin-bottom: 0px;margin-top: 0px;border-width: 0px 0px 0px 0px;border-color:#eae9e9;border-style:solid;\" ><div class=\"fusion-builder-row fusion-row\"><div class=\"fusion-layout-column fusion_builder_column fusion-builder-column-0 fusion_builder_column_1_3 1_3 fusion-one-third fusion-column-first\" style=\"width:33.3333333333%;width:calc(33.3333333333% - ( ( 4% ) * 0.333333333333 ) );margin-right: 4%;margin-top:0px;margin-bottom:0px;\"><div class=\"fusion-column-wrapper fusion-flex-column-wrapper-legacy\" style=\"background-position:left top;background-repeat:no-repeat;-webkit-background-size:cover;-moz-background-size:cover;-o-background-size:cover;background-size:cover;background-color:#ffffff;border-width: 2px 2px 2px 2px;border-color:#ededed;border-style:solid;padding: 50px 30px 50px 30px;\"><style type=\"text\/css\"><\/style><div class=\"fusion-title title fusion-title-1 fusion-sep-none fusion-title-text fusion-title-size-one\" style=\"margin-top:0px;margin-right:0px;margin-bottom:20px;margin-left:0px;\"><h1 class=\"title-heading-left fusion-responsive-typography-calculated\" style=\"margin:0;--fontSize:40;line-height:1.4;\">contact<\/h1><\/div><ul class=\"fusion-checklist fusion-checklist-1\" style=\"font-size:16px;line-height:27.2px;\"><li style=\"background-color:rgba(255,255,255,0);\" class=\"fusion-li-item\"><span style=\"height:27.2px;width:27.2px;margin-right:11.2px;\" class=\"icon-wrapper circle-no\"><i class=\"fusion-li-icon fa-mobile-alt fas\" style=\"color:#003e77;\" aria-hidden=\"true\"><\/i><\/span><div class=\"fusion-li-item-content\" style=\"margin-left:38.4px;color:var(--awb-color8);\">\n<p><a href=\"tel:+330952732240\">09.52.73.22.40<\/a><\/p>\n<\/div><\/li><li style=\"background-color:rgba(255,255,255,0);\" class=\"fusion-li-item\"><span style=\"height:27.2px;width:27.2px;margin-right:11.2px;\" class=\"icon-wrapper circle-no\"><i class=\"fusion-li-icon fa-envelope far\" style=\"color:#003e77;\" aria-hidden=\"true\"><\/i><\/span><div class=\"fusion-li-item-content\" style=\"margin-left:38.4px;color:var(--awb-color8);\">\n<p><a href=\"mailto:guy-paul.reveyron@axime.tech\">guy-paul.reveyron@axime.tech<\/a><\/p>\n<\/div><\/li><\/ul><div class=\"fusion-sep-clear\"><\/div><div class=\"fusion-separator fusion-full-width-sep\" style=\"margin-left: auto;margin-right: auto;margin-top:20px;margin-bottom:20px;width:100%;\"><div class=\"fusion-separator-border sep-single sep-solid\" style=\"border-color:#e0dede;border-top-width:1px;\"><\/div><\/div><div class=\"fusion-sep-clear\"><\/div><style type=\"text\/css\"><\/style><div class=\"fusion-title title fusion-title-2 fusion-sep-none fusion-title-text fusion-title-size-four\" style=\"margin-top:0px;margin-right:0px;margin-bottom:20px;margin-left:0px;\"><h4 class=\"title-heading-left fusion-responsive-typography-calculated\" style=\"margin:0;--fontSize:25;line-height:2;\">Horaires de travail<\/h4><\/div><ul class=\"fusion-checklist fusion-checklist-2\" style=\"font-size:16px;line-height:27.2px;\"><li style=\"background-color:rgba(255,255,255,0);\" class=\"fusion-li-item\"><span style=\"height:27.2px;width:27.2px;margin-right:11.2px;\" class=\"icon-wrapper circle-no\"><i class=\"fusion-li-icon fa-clock far\" style=\"color:#003e77;\" aria-hidden=\"true\"><\/i><\/span><div class=\"fusion-li-item-content\" style=\"margin-left:38.4px;color:var(--awb-color8);\">\n<p><strong>De lundi \u00e0 jeudi:<\/strong> 09:00 &#8211; 17:00 h<\/p>\n<\/div><\/li><li style=\"background-color:rgba(255,255,255,0);\" class=\"fusion-li-item\"><span style=\"height:27.2px;width:27.2px;margin-right:11.2px;\" class=\"icon-wrapper circle-no\"><i class=\"fusion-li-icon fa-clock far\" style=\"color:#003e77;\" aria-hidden=\"true\"><\/i><\/span><div class=\"fusion-li-item-content\" style=\"margin-left:38.4px;color:var(--awb-color8);\">\n<p><strong>vendredi:<\/strong> 09:00 \u2013 14:00 Uhr<\/p>\n<\/div><\/li><\/ul><div class=\"fusion-clearfix\"><\/div><\/div><\/div><div class=\"fusion-layout-column fusion_builder_column fusion-builder-column-1 fusion_builder_column_2_3 2_3 fusion-two-third fusion-column-last\" style=\"width:66.6666666667%;width:calc(66.6666666667% - ( ( 4% ) * 0.666666666667 ) );margin-top:0px;margin-bottom:0px;\"><div class=\"fusion-column-wrapper fusion-flex-column-wrapper-legacy\" style=\"background-position:left top;background-repeat:no-repeat;-webkit-background-size:cover;-moz-background-size:cover;-o-background-size:cover;background-size:cover;padding: 50px 0px 0px 0px;\"><style type=\"text\/css\">@media only screen and (max-width:1024px) {.fusion-title.fusion-title-3{margin-top:0px!important;margin-bottom:0px!important;}}<\/style><div class=\"fusion-title title fusion-title-3 fusion-sep-none fusion-title-text fusion-title-size-two quote-small dachzeile\" style=\"margin-top:0px;margin-right:0px;margin-bottom:0px;margin-left:0px;\"><h2 class=\"title-heading-left fusion-responsive-typography-calculated\" style=\"margin:0;--fontSize:30;line-height:1.5;\">contact \u00e0 CamperClean<\/h2><\/div><div class=\"fusion-text fusion-text-1\"><p>Vous avez des questions sur nos produits? Vous souhaitez installer vous-m\u00eame une station CamperClean sur votre site? Vous planifiez actuellement un nouveau camping et vous cherchez une solution globale d&rsquo;\u00e9limination et d&rsquo;approvisionnement? Nous serons heureux de r\u00e9pondre \u00e0 toutes vos questions et de vous contacter dans les plus brefs d\u00e9lais.<\/p>\n<\/div><div class=\"wpcf7 no-js\" id=\"wpcf7-f4144-o1\" lang=\"de-DE\" dir=\"ltr\">\n<div class=\"screen-reader-response\"><p role=\"status\" aria-live=\"polite\" aria-atomic=\"true\"><\/p> <ul><\/ul><\/div>\n<form action=\"\/fr\/wp-json\/wp\/v2\/pages\/4132#wpcf7-f4144-o1\" method=\"post\" class=\"wpcf7-form init\" aria-label=\"Kontaktformular\" novalidate=\"novalidate\" data-status=\"init\">\n<div style=\"display: none;\">\n<input type=\"hidden\" name=\"_wpcf7\" value=\"4144\" \/>\n<input type=\"hidden\" name=\"_wpcf7_version\" value=\"5.7.2\" \/>\n<input type=\"hidden\" name=\"_wpcf7_locale\" value=\"de_DE\" \/>\n<input type=\"hidden\" name=\"_wpcf7_unit_tag\" value=\"wpcf7-f4144-o1\" \/>\n<input type=\"hidden\" name=\"_wpcf7_container_post\" value=\"0\" \/>\n<input type=\"hidden\" name=\"_wpcf7_posted_data_hash\" value=\"\" \/>\n<\/div>\n<div class=\"wps-form\">\n\t<div class=\"wps-form-row\">\n\t\t<div class=\"wps-form-column-left\">\n\t\t\t<p><span class=\"wpcf7-form-control-wrap\" data-name=\"Name\"><input size=\"40\" class=\"wpcf7-form-control wpcf7-text\" aria-invalid=\"false\" placeholder=\"Nom\" value=\"\" type=\"text\" name=\"Name\" \/><\/span>\n\t\t\t<\/p>\n\t\t<\/div>\n\t\t<div class=\"wps-form-column-center\">\n\t\t\t<p><span class=\"wpcf7-form-control-wrap\" data-name=\"Telefon\"><input size=\"40\" class=\"wpcf7-form-control wpcf7-text\" aria-invalid=\"false\" placeholder=\"T\u00e9l\u00e9phone\" value=\"\" type=\"text\" name=\"Telefon\" \/><\/span>\n\t\t\t<\/p>\n\t\t<\/div>\n\t\t<div class=\"wps-form-column-right\">\n\t\t\t<p><span class=\"wpcf7-form-control-wrap\" data-name=\"E-Mail\"><input size=\"40\" class=\"wpcf7-form-control wpcf7-text wpcf7-email wpcf7-validates-as-required wpcf7-validates-as-email\" aria-required=\"true\" aria-invalid=\"false\" placeholder=\"E-Mail (Champ obligatoire)\" value=\"\" type=\"email\" name=\"E-Mail\" \/><\/span>\n\t\t\t<\/p>\n\t\t<\/div>\n\t<\/div>\n\t<p><span class=\"wpcf7-form-control-wrap\" data-name=\"Betreff\"><input size=\"40\" class=\"wpcf7-form-control wpcf7-text\" aria-invalid=\"false\" placeholder=\"Sujet\" value=\"\" type=\"text\" name=\"Betreff\" \/><\/span>\n\t<\/p>\n\t<p><span class=\"wpcf7-form-control-wrap\" data-name=\"Ihre_Nachricht\"><textarea cols=\"40\" rows=\"10\" class=\"wpcf7-form-control wpcf7-textarea\" aria-invalid=\"false\" placeholder=\"Votre message\" name=\"Ihre_Nachricht\"><\/textarea><\/span>\n\t<\/p>\n\t<div class=\"ds-box\">\n\t\t<p class=\"datenschutz\"><br \/>\n<strong>Protection des donn\u00e9es<\/strong><br \/>\n<span class=\"wpcf7-form-control-wrap\" data-name=\"zustimmung-datenschutz\"><span class=\"wpcf7-form-control wpcf7-acceptance\"><span class=\"wpcf7-list-item\"><label><input type=\"checkbox\" name=\"zustimmung-datenschutz\" value=\"1\" aria-invalid=\"false\" \/><span class=\"wpcf7-list-item-label\">J'accepte que les informations que j'ai fournies dans le formulaire de contact soient collect\u00e9es et trait\u00e9es pour r\u00e9pondre \u00e0 ma demande. Les donn\u00e9es seront conserv\u00e9es pendant 10 ans ou supprim\u00e9es sur demande.\nRemarque : vous pouvez \u00e0 tout moment r\u00e9voquer votre consentement pour l'avenir par e-mail. Vous trouverez des informations d\u00e9taill\u00e9es sur le traitement des donn\u00e9es des utilisateurs dans notre d\u00e9claration de <a href=\"\/datenschutz\/\">protection des donn\u00e9es<\/a>.<\/span><\/label><\/span><\/span><\/span>\n\t\t<\/p>\n\t<\/div>\n\t<p><input class=\"wpcf7-form-control has-spinner wpcf7-submit\" type=\"submit\" value=\"Senden\" \/>\n\t<\/p>\n<\/div><div class=\"fusion-alert alert custom alert-custom fusion-alert-center wpcf7-response-output fusion-alert-capitalize alert-dismissable\" role=\"alert\" style=\"border-width:1px;\"><div class=\"fusion-alert-content-wrapper\"><span class=\"fusion-alert-content\"><\/span><\/div><button type=\"button\" class=\"close toggle-alert\" data-dismiss=\"alert\" aria-label=\"Close\">&times;<\/button><\/div><\/form><\/div><div class=\"fusion-clearfix\"><\/div><\/div><\/div><\/div><\/div>\n","protected":false},"excerpt":{"rendered":"","protected":false},"author":4,"featured_media":0,"parent":0,"menu_order":0,"comment_status":"closed","ping_status":"closed","template":"100-width.php","meta":[],"yoast_head":"<!-- This site is optimized with the Yoast SEO plugin v19.13 - https:\/\/yoast.com\/wordpress\/plugins\/seo\/ -->\n<title>contact &ndash; CamperClean<\/title>\n<meta name=\"robots\" content=\"index, follow, max-snippet:-1, max-image-preview:large, max-video-preview:-1\" \/>\n<link rel=\"canonical\" href=\"https:\/\/camperclean-entwicklung.entwurf.dev\/fr\/contact-customer\/\" \/>\n<meta property=\"og:locale\" content=\"fr_FR\" \/>\n<meta property=\"og:type\" content=\"article\" \/>\n<meta property=\"og:title\" content=\"contact &ndash; CamperClean\" \/>\n<meta property=\"og:url\" content=\"https:\/\/camperclean-entwicklung.entwurf.dev\/fr\/contact-customer\/\" \/>\n<meta property=\"og:site_name\" content=\"CamperClean\" \/>\n<meta property=\"article:publisher\" content=\"https:\/\/www.facebook.com\/Camperclean\/\" \/>\n<meta property=\"article:modified_time\" content=\"2022-08-25T14:14:33+00:00\" \/>\n<meta property=\"og:image\" content=\"https:\/\/camperclean-entwicklung.entwurf.dev\/wp-content\/uploads\/2019\/09\/camperclean_250x76.png\" \/>\n\t<meta property=\"og:image:width\" content=\"250\" \/>\n\t<meta property=\"og:image:height\" content=\"76\" \/>\n\t<meta property=\"og:image:type\" content=\"image\/png\" \/>\n<meta name=\"twitter:card\" content=\"summary_large_image\" \/>\n<meta name=\"twitter:label1\" content=\"Est. reading time\" \/>\n\t<meta name=\"twitter:data1\" content=\"3 minutes\" \/>\n<script type=\"application\/ld+json\" class=\"yoast-schema-graph\">{\"@context\":\"https:\/\/schema.org\",\"@graph\":[{\"@type\":\"WebPage\",\"@id\":\"https:\/\/camperclean-entwicklung.entwurf.dev\/fr\/contact-customer\/\",\"url\":\"https:\/\/camperclean-entwicklung.entwurf.dev\/fr\/contact-customer\/\",\"name\":\"contact &ndash; CamperClean\",\"isPartOf\":{\"@id\":\"https:\/\/camperclean-entwicklung.entwurf.dev\/en\/#website\"},\"datePublished\":\"2022-08-25T13:53:02+00:00\",\"dateModified\":\"2022-08-25T14:14:33+00:00\",\"breadcrumb\":{\"@id\":\"https:\/\/camperclean-entwicklung.entwurf.dev\/fr\/contact-customer\/#breadcrumb\"},\"inLanguage\":\"fr-FR\",\"potentialAction\":[{\"@type\":\"ReadAction\",\"target\":[\"https:\/\/camperclean-entwicklung.entwurf.dev\/fr\/contact-customer\/\"]}]},{\"@type\":\"BreadcrumbList\",\"@id\":\"https:\/\/camperclean-entwicklung.entwurf.dev\/fr\/contact-customer\/#breadcrumb\",\"itemListElement\":[{\"@type\":\"ListItem\",\"position\":1,\"name\":\"Home\",\"item\":\"https:\/\/camperclean-entwicklung.entwurf.dev\/fr\/\"},{\"@type\":\"ListItem\",\"position\":2,\"name\":\"contact\"}]},{\"@type\":\"WebSite\",\"@id\":\"https:\/\/camperclean-entwicklung.entwurf.dev\/en\/#website\",\"url\":\"https:\/\/camperclean-entwicklung.entwurf.dev\/en\/\",\"name\":\"CamperClean\",\"description\":\"pure and simple\",\"publisher\":{\"@id\":\"https:\/\/camperclean-entwicklung.entwurf.dev\/en\/#organization\"},\"potentialAction\":[{\"@type\":\"SearchAction\",\"target\":{\"@type\":\"EntryPoint\",\"urlTemplate\":\"https:\/\/camperclean-entwicklung.entwurf.dev\/en\/?s={search_term_string}\"},\"query-input\":\"required name=search_term_string\"}],\"inLanguage\":\"fr-FR\"},{\"@type\":\"Organization\",\"@id\":\"https:\/\/camperclean-entwicklung.entwurf.dev\/en\/#organization\",\"name\":\"CamperClean GmbH\",\"url\":\"https:\/\/camperclean-entwicklung.entwurf.dev\/en\/\",\"logo\":{\"@type\":\"ImageObject\",\"inLanguage\":\"fr-FR\",\"@id\":\"https:\/\/camperclean-entwicklung.entwurf.dev\/en\/#\/schema\/logo\/image\/\",\"url\":\"https:\/\/camperclean-entwicklung.entwurf.dev\/wp-content\/uploads\/2019\/09\/camperclean_250x76.png\",\"contentUrl\":\"https:\/\/camperclean-entwicklung.entwurf.dev\/wp-content\/uploads\/2019\/09\/camperclean_250x76.png\",\"width\":250,\"height\":76,\"caption\":\"CamperClean GmbH\"},\"image\":{\"@id\":\"https:\/\/camperclean-entwicklung.entwurf.dev\/en\/#\/schema\/logo\/image\/\"},\"sameAs\":[\"https:\/\/www.linkedin.com\/company\/camperclean-gmbh\",\"https:\/\/www.youtube.com\/channel\/UCrDyBIaggPbV7Y79lJC9HpA\",\"https:\/\/www.facebook.com\/Camperclean\/\"]}]}<\/script>\n<!-- \/ Yoast SEO plugin. -->","yoast_head_json":{"title":"contact &ndash; CamperClean","robots":{"index":"index","follow":"follow","max-snippet":"max-snippet:-1","max-image-preview":"max-image-preview:large","max-video-preview":"max-video-preview:-1"},"canonical":"https:\/\/camperclean-entwicklung.entwurf.dev\/fr\/contact-customer\/","og_locale":"fr_FR","og_type":"article","og_title":"contact &ndash; CamperClean","og_url":"https:\/\/camperclean-entwicklung.entwurf.dev\/fr\/contact-customer\/","og_site_name":"CamperClean","article_publisher":"https:\/\/www.facebook.com\/Camperclean\/","article_modified_time":"2022-08-25T14:14:33+00:00","og_image":[{"width":250,"height":76,"url":"https:\/\/camperclean-entwicklung.entwurf.dev\/wp-content\/uploads\/2019\/09\/camperclean_250x76.png","type":"image\/png"}],"twitter_card":"summary_large_image","twitter_misc":{"Est. reading time":"3 minutes"},"schema":{"@context":"https:\/\/schema.org","@graph":[{"@type":"WebPage","@id":"https:\/\/camperclean-entwicklung.entwurf.dev\/fr\/contact-customer\/","url":"https:\/\/camperclean-entwicklung.entwurf.dev\/fr\/contact-customer\/","name":"contact &ndash; CamperClean","isPartOf":{"@id":"https:\/\/camperclean-entwicklung.entwurf.dev\/en\/#website"},"datePublished":"2022-08-25T13:53:02+00:00","dateModified":"2022-08-25T14:14:33+00:00","breadcrumb":{"@id":"https:\/\/camperclean-entwicklung.entwurf.dev\/fr\/contact-customer\/#breadcrumb"},"inLanguage":"fr-FR","potentialAction":[{"@type":"ReadAction","target":["https:\/\/camperclean-entwicklung.entwurf.dev\/fr\/contact-customer\/"]}]},{"@type":"BreadcrumbList","@id":"https:\/\/camperclean-entwicklung.entwurf.dev\/fr\/contact-customer\/#breadcrumb","itemListElement":[{"@type":"ListItem","position":1,"name":"Home","item":"https:\/\/camperclean-entwicklung.entwurf.dev\/fr\/"},{"@type":"ListItem","position":2,"name":"contact"}]},{"@type":"WebSite","@id":"https:\/\/camperclean-entwicklung.entwurf.dev\/en\/#website","url":"https:\/\/camperclean-entwicklung.entwurf.dev\/en\/","name":"CamperClean","description":"pure and simple","publisher":{"@id":"https:\/\/camperclean-entwicklung.entwurf.dev\/en\/#organization"},"potentialAction":[{"@type":"SearchAction","target":{"@type":"EntryPoint","urlTemplate":"https:\/\/camperclean-entwicklung.entwurf.dev\/en\/?s={search_term_string}"},"query-input":"required name=search_term_string"}],"inLanguage":"fr-FR"},{"@type":"Organization","@id":"https:\/\/camperclean-entwicklung.entwurf.dev\/en\/#organization","name":"CamperClean GmbH","url":"https:\/\/camperclean-entwicklung.entwurf.dev\/en\/","logo":{"@type":"ImageObject","inLanguage":"fr-FR","@id":"https:\/\/camperclean-entwicklung.entwurf.dev\/en\/#\/schema\/logo\/image\/","url":"https:\/\/camperclean-entwicklung.entwurf.dev\/wp-content\/uploads\/2019\/09\/camperclean_250x76.png","contentUrl":"https:\/\/camperclean-entwicklung.entwurf.dev\/wp-content\/uploads\/2019\/09\/camperclean_250x76.png","width":250,"height":76,"caption":"CamperClean GmbH"},"image":{"@id":"https:\/\/camperclean-entwicklung.entwurf.dev\/en\/#\/schema\/logo\/image\/"},"sameAs":["https:\/\/www.linkedin.com\/company\/camperclean-gmbh","https:\/\/www.youtube.com\/channel\/UCrDyBIaggPbV7Y79lJC9HpA","https:\/\/www.facebook.com\/Camperclean\/"]}]}},"_links":{"self":[{"href":"https:\/\/camperclean-entwicklung.entwurf.dev\/fr\/wp-json\/wp\/v2\/pages\/4132"}],"collection":[{"href":"https:\/\/camperclean-entwicklung.entwurf.dev\/fr\/wp-json\/wp\/v2\/pages"}],"about":[{"href":"https:\/\/camperclean-entwicklung.entwurf.dev\/fr\/wp-json\/wp\/v2\/types\/page"}],"author":[{"embeddable":true,"href":"https:\/\/camperclean-entwicklung.entwurf.dev\/fr\/wp-json\/wp\/v2\/users\/4"}],"replies":[{"embeddable":true,"href":"https:\/\/camperclean-entwicklung.entwurf.dev\/fr\/wp-json\/wp\/v2\/comments?post=4132"}],"version-history":[{"count":2,"href":"https:\/\/camperclean-entwicklung.entwurf.dev\/fr\/wp-json\/wp\/v2\/pages\/4132\/revisions"}],"predecessor-version":[{"id":4152,"href":"https:\/\/camperclean-entwicklung.entwurf.dev\/fr\/wp-json\/wp\/v2\/pages\/4132\/revisions\/4152"}],"wp:attachment":[{"href":"https:\/\/camperclean-entwicklung.entwurf.dev\/fr\/wp-json\/wp\/v2\/media?parent=4132"}],"curies":[{"name":"wp","href":"https:\/\/api.w.org\/{rel}","templated":true}]}}